{"id":277,"date":"2020-05-07T14:20:37","date_gmt":"2020-05-07T14:20:37","guid":{"rendered":"https:\/\/galleri208.borgo.is\/2020\/\/?page_id=277"},"modified":"2020-05-11T10:58:38","modified_gmt":"2020-05-11T10:58:38","slug":"olavia-sif-kristjansdotti","status":"publish","type":"page","link":"https:\/\/galleri208.borgo.is\/2020\/olavia-sif-kristjansdotti\/","title":{"rendered":"\u00d3lav\u00eda Sif Kristj\u00e1nsd\u00f3ttir"},"content":{"rendered":"\n<h5><strong>LEX<\/strong><br>Veggspj\u00f6ld fyrir t\u00f6lvuleik, 2020. <\/h5>\n\n\n\n<h5>T\u00f6lvuleikurinn er sta\u00f0setur \u00ed framt\u00ed\u00f0inni \u00fear sem st\u00f3rt str\u00ed\u00f0 er \u00ed gangi. A\u00f0alpers\u00f3nan \u00ed leiknum er Lex sem\u00a0berst fyrir \u00fev\u00ed a\u00f0 st\u00f6\u00f0va str\u00ed\u00f0i\u00f0. Karlinn \u00e1 plakatinu er br\u00f3\u00f0ir hennar.  H\u00fan missir minni\u00f0 \u00e1\u00f0ur en leikurinn hefst, \u00feannig a\u00f0 \u00feegar veri\u00f0 er a\u00f0 spila leikinn veit hann ekki um fj\u00f6lskylduna hennar. Spilarinn f\u00e6r einnig \u00fdmiss konar val \u00ed leiknum sem \u00e1kvar\u00f0ar hvernig hann endar. \u00dea\u00f0 gerir f\u00f3lki kleift a\u00f0 spila leikinn oft me\u00f0 mismunandi endi.<\/h5>\n\n\n\n<h5><\/h5>\n\n\n\n<figure class=\"wp-block-image size-large\"><a href=\"https:\/\/galleri208.borgo.is\/2020\/\/wp-content\/uploads\/2020\/05\/hus21400.jpg\"><img loading=\"lazy\" width=\"1024\" height=\"724\" src=\"https:\/\/galleri208.borgo.is\/2020\/\/wp-content\/uploads\/2020\/05\/hus21400-1024x724.jpg\" alt=\"\" class=\"wp-image-319\" srcset=\"https:\/\/galleri208.borgo.is\/2020\/wp-content\/uploads\/2020\/05\/hus21400-1024x724.jpg 1024w, https:\/\/galleri208.borgo.is\/2020\/wp-content\/uploads\/2020\/05\/hus21400-300x212.jpg 300w, https:\/\/galleri208.borgo.is\/2020\/wp-content\/uploads\/2020\/05\/hus21400-768x543.jpg 768w, https:\/\/galleri208.borgo.is\/2020\/wp-content\/uploads\/2020\/05\/hus21400.jpg 1414w\" sizes=\"(max-width: 1024px) 100vw, 1024px\" \/><\/a><\/figure>\n\n\n\n<div class=\"wp-block-image\"><figure class=\"aligncenter size-large\"><a href=\"https:\/\/galleri208.borgo.is\/2020\/\/wp-content\/uploads\/2020\/05\/hus1402-1.jpg\"><img loading=\"lazy\" width=\"1024\" height=\"772\" src=\"https:\/\/galleri208.borgo.is\/2020\/\/wp-content\/uploads\/2020\/05\/hus1402-1-1024x772.jpg\" alt=\"\" class=\"wp-image-757\" srcset=\"https:\/\/galleri208.borgo.is\/2020\/wp-content\/uploads\/2020\/05\/hus1402-1-1024x772.jpg 1024w, https:\/\/galleri208.borgo.is\/2020\/wp-content\/uploads\/2020\/05\/hus1402-1-300x226.jpg 300w, https:\/\/galleri208.borgo.is\/2020\/wp-content\/uploads\/2020\/05\/hus1402-1-768x579.jpg 768w, https:\/\/galleri208.borgo.is\/2020\/wp-content\/uploads\/2020\/05\/hus1402-1.jpg 1326w\" sizes=\"(max-width: 1024px) 100vw, 1024px\" \/><\/a><\/figure><\/div>\n\n\n\n<p class=\"has-text-color has-very-light-gray-color\">..<\/p>\n\n\n\n<div class=\"wp-block-image\"><figure class=\"aligncenter size-large is-resized\"><a href=\"https:\/\/galleri208.borgo.is\/2020\/\/wp-content\/uploads\/2020\/05\/andlit.jpg\"><img loading=\"lazy\" src=\"https:\/\/galleri208.borgo.is\/2020\/\/wp-content\/uploads\/2020\/05\/andlit.jpg\" alt=\"\" class=\"wp-image-320\" width=\"335\" height=\"251\" srcset=\"https:\/\/galleri208.borgo.is\/2020\/wp-content\/uploads\/2020\/05\/andlit.jpg 1000w, https:\/\/galleri208.borgo.is\/2020\/wp-content\/uploads\/2020\/05\/andlit-300x225.jpg 300w, https:\/\/galleri208.borgo.is\/2020\/wp-content\/uploads\/2020\/05\/andlit-768x576.jpg 768w\" sizes=\"(max-width: 335px) 100vw, 335px\" \/><\/a><\/figure><\/div>\n\n\n\n<div class=\"wp-block-image\"><figure class=\"aligncenter size-large is-resized\"><img src=\"https:\/\/galleri208.borgo.is\/2020\/\/wp-content\/uploads\/2020\/05\/Hlidar11.jpg\" alt=\"\" class=\"wp-image-534\" width=\"300\" srcset=\"https:\/\/galleri208.borgo.is\/2020\/wp-content\/uploads\/2020\/05\/Hlidar11.jpg 845w, https:\/\/galleri208.borgo.is\/2020\/wp-content\/uploads\/2020\/05\/Hlidar11-300x266.jpg 300w, https:\/\/galleri208.borgo.is\/2020\/wp-content\/uploads\/2020\/05\/Hlidar11-768x682.jpg 768w\" sizes=\"(max-width: 845px) 100vw, 845px\" \/><\/figure><\/div>\n\n\n\n<div class=\"wp-block-image\"><figure class=\"aligncenter size-large\"><a href=\"https:\/\/galleri208.borgo.is\/2020\/\/wp-content\/uploads\/2020\/05\/ol1.png\"><img loading=\"lazy\" width=\"1000\" height=\"568\" src=\"https:\/\/galleri208.borgo.is\/2020\/\/wp-content\/uploads\/2020\/05\/ol1.png\" alt=\"\" class=\"wp-image-323\" srcset=\"https:\/\/galleri208.borgo.is\/2020\/wp-content\/uploads\/2020\/05\/ol1.png 1000w, https:\/\/galleri208.borgo.is\/2020\/wp-content\/uploads\/2020\/05\/ol1-300x170.png 300w, https:\/\/galleri208.borgo.is\/2020\/wp-content\/uploads\/2020\/05\/ol1-768x436.png 768w, https:\/\/galleri208.borgo.is\/2020\/wp-content\/uploads\/2020\/05\/ol1-180x101.png 180w, https:\/\/galleri208.borgo.is\/2020\/wp-content\/uploads\/2020\/05\/ol1-120x67.png 120w\" sizes=\"(max-width: 1000px) 100vw, 1000px\" \/><\/a><\/figure><\/div>\n","protected":false},"excerpt":{"rendered":"<p>LEXVeggspj\u00f6ld fyrir t\u00f6lvuleik, 2020. T\u00f6lvuleikurinn er sta\u00f0setur \u00ed framt\u00ed\u00f0inni \u00fear sem st\u00f3rt str\u00ed\u00f0 er \u00ed gangi. A\u00f0alpers\u00f3nan \u00ed leiknum er Lex sem\u00a0berst fyrir \u00fev\u00ed a\u00f0&#8230;<\/p>\n","protected":false},"author":1,"featured_media":0,"parent":0,"menu_order":0,"comment_status":"closed","ping_status":"closed","template":"","meta":[],"_links":{"self":[{"href":"https:\/\/galleri208.borgo.is\/2020\/wp-json\/wp\/v2\/pages\/277"}],"collection":[{"href":"https:\/\/galleri208.borgo.is\/2020\/wp-json\/wp\/v2\/pages"}],"about":[{"href":"https:\/\/galleri208.borgo.is\/2020\/wp-json\/wp\/v2\/types\/page"}],"author":[{"embeddable":true,"href":"https:\/\/galleri208.borgo.is\/2020\/wp-json\/wp\/v2\/users\/1"}],"replies":[{"embeddable":true,"href":"https:\/\/galleri208.borgo.is\/2020\/wp-json\/wp\/v2\/comments?post=277"}],"version-history":[{"count":15,"href":"https:\/\/galleri208.borgo.is\/2020\/wp-json\/wp\/v2\/pages\/277\/revisions"}],"predecessor-version":[{"id":803,"href":"https:\/\/galleri208.borgo.is\/2020\/wp-json\/wp\/v2\/pages\/277\/revisions\/803"}],"wp:attachment":[{"href":"https:\/\/galleri208.borgo.is\/2020\/wp-json\/wp\/v2\/media?parent=277"}],"curies":[{"name":"wp","href":"https:\/\/api.w.org\/{rel}","templated":true}]}}