{"id":274,"date":"2020-05-07T14:18:36","date_gmt":"2020-05-07T14:18:36","guid":{"rendered":"https:\/\/galleri208.borgo.is\/2020\/\/?page_id=274"},"modified":"2020-05-11T12:32:34","modified_gmt":"2020-05-11T12:32:34","slug":"nokkvi-thor-thormarsson","status":"publish","type":"page","link":"https:\/\/galleri208.borgo.is\/2020\/nokkvi-thor-thormarsson\/","title":{"rendered":"N\u00f6kkvi \u00de\u00f3r \u00deormarsson"},"content":{"rendered":"\n<h5>G<strong>\u00f6turakki<\/strong><br>Pl\u00f6tualb\u00fam og augl\u00fdsingarherfer\u00f0, 2020.<br><br>Unni\u00f0 fyrir t\u00f3nlistarmanninn \u00d3mar Frey.<\/h5>\n\n\n\n<h5><\/h5>\n\n\n\n<div class=\"wp-block-image\"><figure class=\"aligncenter size-large is-resized\"><img loading=\"lazy\" src=\"https:\/\/galleri208.borgo.is\/2020\/\/wp-content\/uploads\/2020\/05\/Goturakkiv2.jpg\" alt=\"\" class=\"wp-image-327\" width=\"500\" height=\"500\" srcset=\"https:\/\/galleri208.borgo.is\/2020\/wp-content\/uploads\/2020\/05\/Goturakkiv2.jpg 1000w, https:\/\/galleri208.borgo.is\/2020\/wp-content\/uploads\/2020\/05\/Goturakkiv2-300x300.jpg 300w, https:\/\/galleri208.borgo.is\/2020\/wp-content\/uploads\/2020\/05\/Goturakkiv2-150x150.jpg 150w, https:\/\/galleri208.borgo.is\/2020\/wp-content\/uploads\/2020\/05\/Goturakkiv2-768x768.jpg 768w\" sizes=\"(max-width: 500px) 100vw, 500px\" \/><\/figure><\/div>\n\n\n\n<div class=\"wp-block-image\"><figure class=\"aligncenter size-large is-resized\"><img src=\"https:\/\/galleri208.borgo.is\/2020\/\/wp-content\/uploads\/2020\/05\/bakhlidnokkvi.jpg\" alt=\"\" class=\"wp-image-814\" width=\"500\" srcset=\"https:\/\/galleri208.borgo.is\/2020\/wp-content\/uploads\/2020\/05\/bakhlidnokkvi.jpg 1000w, https:\/\/galleri208.borgo.is\/2020\/wp-content\/uploads\/2020\/05\/bakhlidnokkvi-300x300.jpg 300w, https:\/\/galleri208.borgo.is\/2020\/wp-content\/uploads\/2020\/05\/bakhlidnokkvi-150x150.jpg 150w, https:\/\/galleri208.borgo.is\/2020\/wp-content\/uploads\/2020\/05\/bakhlidnokkvi-768x768.jpg 768w\" sizes=\"(max-width: 1000px) 100vw, 1000px\" \/><\/figure><\/div>\n\n\n\n<div class=\"wp-block-image\"><figure class=\"aligncenter size-large is-resized\"><img loading=\"lazy\" src=\"https:\/\/galleri208.borgo.is\/2020\/\/wp-content\/uploads\/2020\/05\/bakhlidmockupv2-1-1024x678.jpg\" alt=\"\" class=\"wp-image-329\" width=\"500\" height=\"330\" srcset=\"https:\/\/galleri208.borgo.is\/2020\/wp-content\/uploads\/2020\/05\/bakhlidmockupv2-1-1024x678.jpg 1024w, https:\/\/galleri208.borgo.is\/2020\/wp-content\/uploads\/2020\/05\/bakhlidmockupv2-1-300x199.jpg 300w, https:\/\/galleri208.borgo.is\/2020\/wp-content\/uploads\/2020\/05\/bakhlidmockupv2-1-768x508.jpg 768w, https:\/\/galleri208.borgo.is\/2020\/wp-content\/uploads\/2020\/05\/bakhlidmockupv2-1.jpg 1511w\" sizes=\"(max-width: 500px) 100vw, 500px\" \/><\/figure><\/div>\n\n\n\n<figure class=\"wp-block-embed-vimeo aligncenter wp-block-embed is-type-video is-provider-vimeo wp-embed-aspect-1-1 wp-has-aspect-ratio\"><div class=\"wp-block-embed__wrapper\">\n<iframe loading=\"lazy\" title=\"G&amp;Ouml;TURAKKI\" src=\"https:\/\/player.vimeo.com\/video\/414571087?dnt=1&amp;app_id=122963\" width=\"360\" height=\"360\" frameborder=\"0\" allow=\"autoplay; fullscreen\" allowfullscreen><\/iframe>\n<\/div><\/figure>\n\n\n\n<figure class=\"wp-block-image size-large\"><img loading=\"lazy\" width=\"1024\" height=\"788\" src=\"https:\/\/galleri208.borgo.is\/2020\/\/wp-content\/uploads\/2020\/05\/mockupz1-1024x788.jpg\" alt=\"\" class=\"wp-image-812\" srcset=\"https:\/\/galleri208.borgo.is\/2020\/wp-content\/uploads\/2020\/05\/mockupz1-1024x788.jpg 1024w, https:\/\/galleri208.borgo.is\/2020\/wp-content\/uploads\/2020\/05\/mockupz1-300x231.jpg 300w, https:\/\/galleri208.borgo.is\/2020\/wp-content\/uploads\/2020\/05\/mockupz1-768x591.jpg 768w, https:\/\/galleri208.borgo.is\/2020\/wp-content\/uploads\/2020\/05\/mockupz1.jpg 1300w\" sizes=\"(max-width: 1024px) 100vw, 1024px\" \/><\/figure>\n\n\n\n<figure class=\"wp-block-image size-large\"><img loading=\"lazy\" width=\"1024\" height=\"588\" src=\"https:\/\/galleri208.borgo.is\/2020\/\/wp-content\/uploads\/2020\/05\/Spotifymockup-1024x588.jpg\" alt=\"\" class=\"wp-image-810\" srcset=\"https:\/\/galleri208.borgo.is\/2020\/wp-content\/uploads\/2020\/05\/Spotifymockup-1024x588.jpg 1024w, https:\/\/galleri208.borgo.is\/2020\/wp-content\/uploads\/2020\/05\/Spotifymockup-300x172.jpg 300w, https:\/\/galleri208.borgo.is\/2020\/wp-content\/uploads\/2020\/05\/Spotifymockup-768x441.jpg 768w, https:\/\/galleri208.borgo.is\/2020\/wp-content\/uploads\/2020\/05\/Spotifymockup.jpg 1155w\" sizes=\"(max-width: 1024px) 100vw, 1024px\" \/><\/figure>\n\n\n\n<p><\/p>\n","protected":false},"excerpt":{"rendered":"<p>G\u00f6turakkiPl\u00f6tualb\u00fam og augl\u00fdsingarherfer\u00f0, 2020.Unni\u00f0 fyrir t\u00f3nlistarmanninn \u00d3mar Frey.<\/p>\n","protected":false},"author":1,"featured_media":0,"parent":0,"menu_order":0,"comment_status":"closed","ping_status":"closed","template":"","meta":[],"_links":{"self":[{"href":"https:\/\/galleri208.borgo.is\/2020\/wp-json\/wp\/v2\/pages\/274"}],"collection":[{"href":"https:\/\/galleri208.borgo.is\/2020\/wp-json\/wp\/v2\/pages"}],"about":[{"href":"https:\/\/galleri208.borgo.is\/2020\/wp-json\/wp\/v2\/types\/page"}],"author":[{"embeddable":true,"href":"https:\/\/galleri208.borgo.is\/2020\/wp-json\/wp\/v2\/users\/1"}],"replies":[{"embeddable":true,"href":"https:\/\/galleri208.borgo.is\/2020\/wp-json\/wp\/v2\/comments?post=274"}],"version-history":[{"count":23,"href":"https:\/\/galleri208.borgo.is\/2020\/wp-json\/wp\/v2\/pages\/274\/revisions"}],"predecessor-version":[{"id":821,"href":"https:\/\/galleri208.borgo.is\/2020\/wp-json\/wp\/v2\/pages\/274\/revisions\/821"}],"wp:attachment":[{"href":"https:\/\/galleri208.borgo.is\/2020\/wp-json\/wp\/v2\/media?parent=274"}],"curies":[{"name":"wp","href":"https:\/\/api.w.org\/{rel}","templated":true}]}}