{"id":262,"date":"2020-05-07T14:07:30","date_gmt":"2020-05-07T14:07:30","guid":{"rendered":"https:\/\/galleri208.borgo.is\/2020\/\/?page_id=262"},"modified":"2020-05-09T11:21:02","modified_gmt":"2020-05-09T11:21:02","slug":"elva-sehar-samuelsdottir-gill","status":"publish","type":"page","link":"https:\/\/galleri208.borgo.is\/2020\/elva-sehar-samuelsdottir-gill\/","title":{"rendered":"Elva Sehar Samuelsd\u00f3ttir Gill"},"content":{"rendered":"\n<h5><strong>Hjarta\u00f0<\/strong><br>Veggspj\u00f6ld, 2020.<br><br>Verki\u00f0 stendur fyrir \u00e1st, tengsl, vin\u00e1ttu og samvinnu og s\u00fdnir hva\u00f0 \u00fea\u00f0 er mikilv\u00e6gt a\u00f0 hugsa j\u00e1kv\u00e6tt og vinna saman \u00e1 \u00feessum erfi\u00f0u t\u00edmum.<br><\/h5>\n\n\n\n<figure class=\"wp-block-image size-large is-resized\"><a href=\"https:\/\/galleri208.borgo.is\/2020\/\/wp-content\/uploads\/2020\/05\/Hjartad06.jpg\"><img loading=\"lazy\" src=\"https:\/\/galleri208.borgo.is\/2020\/\/wp-content\/uploads\/2020\/05\/Hjartad06-724x1024.jpg\" alt=\"\" class=\"wp-image-612\" width=\"500\" height=\"820\"\/><\/a><\/figure>\n\n\n\n<figure class=\"wp-block-image size-large is-resized\"><a href=\"https:\/\/galleri208.borgo.is\/2020\/\/wp-content\/uploads\/2020\/05\/Hjartad02.jpg\"><img src=\"https:\/\/galleri208.borgo.is\/2020\/\/wp-content\/uploads\/2020\/05\/Hjartad02-725x1024.jpg\" alt=\"\" class=\"wp-image-607\" width=\"500\" srcset=\"https:\/\/galleri208.borgo.is\/2020\/wp-content\/uploads\/2020\/05\/Hjartad02-725x1024.jpg 725w, https:\/\/galleri208.borgo.is\/2020\/wp-content\/uploads\/2020\/05\/Hjartad02-212x300.jpg 212w, https:\/\/galleri208.borgo.is\/2020\/wp-content\/uploads\/2020\/05\/Hjartad02-768x1085.jpg 768w, https:\/\/galleri208.borgo.is\/2020\/wp-content\/uploads\/2020\/05\/Hjartad02.jpg 843w\" sizes=\"(max-width: 725px) 100vw, 725px\" \/><\/a><\/figure>\n\n\n\n<figure class=\"wp-block-image size-large is-resized\"><a href=\"https:\/\/galleri208.borgo.is\/2020\/\/wp-content\/uploads\/2020\/05\/Hjartad03.jpg\"><img src=\"https:\/\/galleri208.borgo.is\/2020\/\/wp-content\/uploads\/2020\/05\/Hjartad03-724x1024.jpg\" alt=\"\" class=\"wp-image-609\" width=\"500\" srcset=\"https:\/\/galleri208.borgo.is\/2020\/wp-content\/uploads\/2020\/05\/Hjartad03-724x1024.jpg 724w, https:\/\/galleri208.borgo.is\/2020\/wp-content\/uploads\/2020\/05\/Hjartad03-212x300.jpg 212w, https:\/\/galleri208.borgo.is\/2020\/wp-content\/uploads\/2020\/05\/Hjartad03-768x1086.jpg 768w, https:\/\/galleri208.borgo.is\/2020\/wp-content\/uploads\/2020\/05\/Hjartad03.jpg 842w\" sizes=\"(max-width: 724px) 100vw, 724px\" \/><\/a><\/figure>\n\n\n\n<figure class=\"wp-block-image size-large is-resized\"><a href=\"https:\/\/galleri208.borgo.is\/2020\/\/wp-content\/uploads\/2020\/05\/Hjartad04.jpg\"><img src=\"https:\/\/galleri208.borgo.is\/2020\/\/wp-content\/uploads\/2020\/05\/Hjartad04-723x1024.jpg\" alt=\"\" class=\"wp-image-610\" width=\"500\" srcset=\"https:\/\/galleri208.borgo.is\/2020\/wp-content\/uploads\/2020\/05\/Hjartad04-723x1024.jpg 723w, https:\/\/galleri208.borgo.is\/2020\/wp-content\/uploads\/2020\/05\/Hjartad04-212x300.jpg 212w, https:\/\/galleri208.borgo.is\/2020\/wp-content\/uploads\/2020\/05\/Hjartad04-768x1087.jpg 768w, https:\/\/galleri208.borgo.is\/2020\/wp-content\/uploads\/2020\/05\/Hjartad04.jpg 842w\" sizes=\"(max-width: 723px) 100vw, 723px\" \/><\/a><\/figure>\n\n\n\n<figure class=\"wp-block-image size-large is-resized\"><a href=\"https:\/\/galleri208.borgo.is\/2020\/\/wp-content\/uploads\/2020\/05\/Hjartad01.jpg\"><img src=\"https:\/\/galleri208.borgo.is\/2020\/\/wp-content\/uploads\/2020\/05\/Hjartad01-724x1024.jpg\" alt=\"\" class=\"wp-image-603\" width=\"500\" srcset=\"https:\/\/galleri208.borgo.is\/2020\/wp-content\/uploads\/2020\/05\/Hjartad01-724x1024.jpg 724w, https:\/\/galleri208.borgo.is\/2020\/wp-content\/uploads\/2020\/05\/Hjartad01-212x300.jpg 212w, https:\/\/galleri208.borgo.is\/2020\/wp-content\/uploads\/2020\/05\/Hjartad01-768x1086.jpg 768w, https:\/\/galleri208.borgo.is\/2020\/wp-content\/uploads\/2020\/05\/Hjartad01.jpg 842w\" sizes=\"(max-width: 724px) 100vw, 724px\" \/><\/a><\/figure>\n\n\n\n<figure class=\"wp-block-image size-large is-resized\"><a href=\"https:\/\/galleri208.borgo.is\/2020\/\/wp-content\/uploads\/2020\/05\/Hjartad05.jpg\"><img src=\"https:\/\/galleri208.borgo.is\/2020\/\/wp-content\/uploads\/2020\/05\/Hjartad05-724x1024.jpg\" alt=\"\" class=\"wp-image-611\" width=\"500\" srcset=\"https:\/\/galleri208.borgo.is\/2020\/wp-content\/uploads\/2020\/05\/Hjartad05-724x1024.jpg 724w, https:\/\/galleri208.borgo.is\/2020\/wp-content\/uploads\/2020\/05\/Hjartad05-212x300.jpg 212w, https:\/\/galleri208.borgo.is\/2020\/wp-content\/uploads\/2020\/05\/Hjartad05-768x1086.jpg 768w, https:\/\/galleri208.borgo.is\/2020\/wp-content\/uploads\/2020\/05\/Hjartad05.jpg 843w\" sizes=\"(max-width: 724px) 100vw, 724px\" \/><\/a><\/figure>\n\n\n\n<p><br><\/p>\n\n\n\n<p><br><\/p>\n\n\n\n<h5><\/h5>\n\n\n\n<h5><\/h5>\n","protected":false},"excerpt":{"rendered":"<p>Hjarta\u00f0Veggspj\u00f6ld, 2020.Verki\u00f0 stendur fyrir \u00e1st, tengsl, vin\u00e1ttu og samvinnu og s\u00fdnir hva\u00f0 \u00fea\u00f0 er mikilv\u00e6gt a\u00f0 hugsa j\u00e1kv\u00e6tt og vinna saman \u00e1 \u00feessum erfi\u00f0u t\u00edmum.<\/p>\n","protected":false},"author":1,"featured_media":0,"parent":0,"menu_order":0,"comment_status":"closed","ping_status":"closed","template":"","meta":[],"_links":{"self":[{"href":"https:\/\/galleri208.borgo.is\/2020\/wp-json\/wp\/v2\/pages\/262"}],"collection":[{"href":"https:\/\/galleri208.borgo.is\/2020\/wp-json\/wp\/v2\/pages"}],"about":[{"href":"https:\/\/galleri208.borgo.is\/2020\/wp-json\/wp\/v2\/types\/page"}],"author":[{"embeddable":true,"href":"https:\/\/galleri208.borgo.is\/2020\/wp-json\/wp\/v2\/users\/1"}],"replies":[{"embeddable":true,"href":"https:\/\/galleri208.borgo.is\/2020\/wp-json\/wp\/v2\/comments?post=262"}],"version-history":[{"count":13,"href":"https:\/\/galleri208.borgo.is\/2020\/wp-json\/wp\/v2\/pages\/262\/revisions"}],"predecessor-version":[{"id":614,"href":"https:\/\/galleri208.borgo.is\/2020\/wp-json\/wp\/v2\/pages\/262\/revisions\/614"}],"wp:attachment":[{"href":"https:\/\/galleri208.borgo.is\/2020\/wp-json\/wp\/v2\/media?parent=262"}],"curies":[{"name":"wp","href":"https:\/\/api.w.org\/{rel}","templated":true}]}}