{"id":259,"date":"2020-05-07T14:05:33","date_gmt":"2020-05-07T14:05:33","guid":{"rendered":"https:\/\/galleri208.borgo.is\/2020\/\/?page_id=259"},"modified":"2020-05-11T21:48:49","modified_gmt":"2020-05-11T21:48:49","slug":"ardis-lilja-gisladottir","status":"publish","type":"page","link":"https:\/\/galleri208.borgo.is\/2020\/ardis-lilja-gisladottir\/","title":{"rendered":"\u00c1rd\u00eds Lilja G\u00edslad\u00f3ttir"},"content":{"rendered":"\n<h5><strong>\u00de\u00f6gnin<\/strong><br>Pl\u00f6tuumslag, 2020.<br><br>Pl\u00f6tuumslag og kynningarefni fyrir t\u00f3nlistarkonuna Eddu.<br><br><br><\/h5>\n\n\n\n<figure class=\"wp-block-image size-large is-resized\"><a href=\"https:\/\/galleri208.borgo.is\/2020\/\/wp-content\/uploads\/2020\/05\/ardis2.jpg\"><img src=\"https:\/\/galleri208.borgo.is\/2020\/\/wp-content\/uploads\/2020\/05\/ardis2-1024x576.jpg\" alt=\"\" class=\"wp-image-467\" width=\"600\" srcset=\"https:\/\/galleri208.borgo.is\/2020\/wp-content\/uploads\/2020\/05\/ardis2-1024x576.jpg 1024w, https:\/\/galleri208.borgo.is\/2020\/wp-content\/uploads\/2020\/05\/ardis2-300x169.jpg 300w, https:\/\/galleri208.borgo.is\/2020\/wp-content\/uploads\/2020\/05\/ardis2-768x432.jpg 768w, https:\/\/galleri208.borgo.is\/2020\/wp-content\/uploads\/2020\/05\/ardis2-1536x864.jpg 1536w, https:\/\/galleri208.borgo.is\/2020\/wp-content\/uploads\/2020\/05\/ardis2-777x437.jpg 777w, https:\/\/galleri208.borgo.is\/2020\/wp-content\/uploads\/2020\/05\/ardis2-180x101.jpg 180w, https:\/\/galleri208.borgo.is\/2020\/wp-content\/uploads\/2020\/05\/ardis2-260x146.jpg 260w, https:\/\/galleri208.borgo.is\/2020\/wp-content\/uploads\/2020\/05\/ardis2-373x210.jpg 373w, https:\/\/galleri208.borgo.is\/2020\/wp-content\/uploads\/2020\/05\/ardis2-120x67.jpg 120w, https:\/\/galleri208.borgo.is\/2020\/wp-content\/uploads\/2020\/05\/ardis2.jpg 1778w\" sizes=\"(max-width: 1024px) 100vw, 1024px\" \/><\/a><\/figure>\n\n\n\n<figure class=\"wp-block-image size-large is-resized\"><img src=\"https:\/\/galleri208.borgo.is\/2020\/\/wp-content\/uploads\/2020\/05\/bak-4-1017x1024.jpg\" alt=\"\" class=\"wp-image-497\" width=\"600\" srcset=\"https:\/\/galleri208.borgo.is\/2020\/wp-content\/uploads\/2020\/05\/bak-4-1017x1024.jpg 1017w, https:\/\/galleri208.borgo.is\/2020\/wp-content\/uploads\/2020\/05\/bak-4-298x300.jpg 298w, https:\/\/galleri208.borgo.is\/2020\/wp-content\/uploads\/2020\/05\/bak-4-150x150.jpg 150w, https:\/\/galleri208.borgo.is\/2020\/wp-content\/uploads\/2020\/05\/bak-4-768x773.jpg 768w, https:\/\/galleri208.borgo.is\/2020\/wp-content\/uploads\/2020\/05\/bak-4.jpg 1279w\" sizes=\"(max-width: 1017px) 100vw, 1017px\" \/><\/figure>\n\n\n\n<figure class=\"wp-block-image size-large is-resized\"><img loading=\"lazy\" src=\"https:\/\/galleri208.borgo.is\/2020\/\/wp-content\/uploads\/2020\/05\/A6-1-1024x725.jpg\" alt=\"\" class=\"wp-image-513\" width=\"600\" height=\"422\"\/><\/figure>\n\n\n\n<figure class=\"wp-block-image size-large is-resized\"><img src=\"https:\/\/galleri208.borgo.is\/2020\/\/wp-content\/uploads\/2020\/05\/spottify-3-1024x683.jpg\" alt=\"\" class=\"wp-image-517\" width=\"600\" srcset=\"https:\/\/galleri208.borgo.is\/2020\/wp-content\/uploads\/2020\/05\/spottify-3-1024x683.jpg 1024w, https:\/\/galleri208.borgo.is\/2020\/wp-content\/uploads\/2020\/05\/spottify-3-300x200.jpg 300w, https:\/\/galleri208.borgo.is\/2020\/wp-content\/uploads\/2020\/05\/spottify-3-768x512.jpg 768w, https:\/\/galleri208.borgo.is\/2020\/wp-content\/uploads\/2020\/05\/spottify-3.jpg 1500w\" sizes=\"(max-width: 1024px) 100vw, 1024px\" \/><\/figure>\n\n\n\n<figure class=\"wp-block-image size-large is-resized\"><img src=\"https:\/\/galleri208.borgo.is\/2020\/\/wp-content\/uploads\/2020\/05\/Edda1-2-1024x683.png\" alt=\"\" class=\"wp-image-519\" width=\"600\" srcset=\"https:\/\/galleri208.borgo.is\/2020\/wp-content\/uploads\/2020\/05\/Edda1-2-1024x683.png 1024w, https:\/\/galleri208.borgo.is\/2020\/wp-content\/uploads\/2020\/05\/Edda1-2-300x200.png 300w, https:\/\/galleri208.borgo.is\/2020\/wp-content\/uploads\/2020\/05\/Edda1-2-768x512.png 768w, https:\/\/galleri208.borgo.is\/2020\/wp-content\/uploads\/2020\/05\/Edda1-2.png 1500w\" sizes=\"(max-width: 1024px) 100vw, 1024px\" \/><\/figure>\n\n\n\n<p><\/p>\n\n\n\n<p><\/p>\n\n\n\n<p><\/p>\n","protected":false},"excerpt":{"rendered":"<p>\u00de\u00f6gninPl\u00f6tuumslag, 2020.Pl\u00f6tuumslag og kynningarefni fyrir t\u00f3nlistarkonuna Eddu.<\/p>\n","protected":false},"author":1,"featured_media":0,"parent":0,"menu_order":0,"comment_status":"closed","ping_status":"closed","template":"","meta":[],"_links":{"self":[{"href":"https:\/\/galleri208.borgo.is\/2020\/wp-json\/wp\/v2\/pages\/259"}],"collection":[{"href":"https:\/\/galleri208.borgo.is\/2020\/wp-json\/wp\/v2\/pages"}],"about":[{"href":"https:\/\/galleri208.borgo.is\/2020\/wp-json\/wp\/v2\/types\/page"}],"author":[{"embeddable":true,"href":"https:\/\/galleri208.borgo.is\/2020\/wp-json\/wp\/v2\/users\/1"}],"replies":[{"embeddable":true,"href":"https:\/\/galleri208.borgo.is\/2020\/wp-json\/wp\/v2\/comments?post=259"}],"version-history":[{"count":24,"href":"https:\/\/galleri208.borgo.is\/2020\/wp-json\/wp\/v2\/pages\/259\/revisions"}],"predecessor-version":[{"id":822,"href":"https:\/\/galleri208.borgo.is\/2020\/wp-json\/wp\/v2\/pages\/259\/revisions\/822"}],"wp:attachment":[{"href":"https:\/\/galleri208.borgo.is\/2020\/wp-json\/wp\/v2\/media?parent=259"}],"curies":[{"name":"wp","href":"https:\/\/api.w.org\/{rel}","templated":true}]}}