{"id":256,"date":"2020-05-07T14:04:47","date_gmt":"2020-05-07T14:04:47","guid":{"rendered":"https:\/\/galleri208.borgo.is\/2020\/\/?page_id=256"},"modified":"2020-05-10T11:15:01","modified_gmt":"2020-05-10T11:15:01","slug":"katrin-agnes-ellertsdottir","status":"publish","type":"page","link":"https:\/\/galleri208.borgo.is\/2020\/katrin-agnes-ellertsdottir\/","title":{"rendered":"Katr\u00edn Agnes Ellertsd\u00f3ttir"},"content":{"rendered":"\n<h5><strong>Hva\u00f0 er h\u00e6gt a\u00f0 gera sumari\u00f0 2020<\/strong>?<br>Veggspj\u00f6ld, 2020.<br><br>Fer\u00f0umst innanlands, vei\u00f0um fiska, sko\u00f0um fossa, f\u00f6rum \u00ed fjallg\u00f6ngur, grillum sykurp\u00fa\u00f0a, f\u00f6rum \u00ed hj\u00f3lat\u00far, t\u00f6kum lj\u00f3smyndir og f\u00f6rum \u00ed lautarfer\u00f0.<\/h5>\n\n\n\n<p><\/p>\n\n\n\n<p class=\"has-text-color has-very-light-gray-color\">&#8230;<\/p>\n\n\n\n<figure class=\"wp-block-gallery columns-2 is-cropped\"><ul class=\"blocks-gallery-grid\"><li class=\"blocks-gallery-item\"><figure><a href=\"https:\/\/galleri208.borgo.is\/2020\/\/wp-content\/uploads\/2020\/05\/Lokaverk-Katri\u0301n21_Page_1.jpg\"><img loading=\"lazy\" width=\"724\" height=\"1024\" src=\"https:\/\/galleri208.borgo.is\/2020\/\/wp-content\/uploads\/2020\/05\/Lokaverk-Katri\u0301n21_Page_1-724x1024.jpg\" alt=\"\" data-id=\"397\" data-full-url=\"https:\/\/galleri208.borgo.is\/2020\/\/wp-content\/uploads\/2020\/05\/Lokaverk-Katri\u0301n21_Page_1.jpg\" data-link=\"https:\/\/galleri208.borgo.is\/2020\/\/katrin-agnes-ellertsdottir\/lokaverk-katrin21_page_1\/\" class=\"wp-image-397\" srcset=\"https:\/\/galleri208.borgo.is\/2020\/wp-content\/uploads\/2020\/05\/Lokaverk-Katri\u0301n21_Page_1-724x1024.jpg 724w, https:\/\/galleri208.borgo.is\/2020\/wp-content\/uploads\/2020\/05\/Lokaverk-Katri\u0301n21_Page_1-212x300.jpg 212w, https:\/\/galleri208.borgo.is\/2020\/wp-content\/uploads\/2020\/05\/Lokaverk-Katri\u0301n21_Page_1-768x1086.jpg 768w, https:\/\/galleri208.borgo.is\/2020\/wp-content\/uploads\/2020\/05\/Lokaverk-Katri\u0301n21_Page_1-1086x1536.jpg 1086w, https:\/\/galleri208.borgo.is\/2020\/wp-content\/uploads\/2020\/05\/Lokaverk-Katri\u0301n21_Page_1-1448x2048.jpg 1448w, https:\/\/galleri208.borgo.is\/2020\/wp-content\/uploads\/2020\/05\/Lokaverk-Katri\u0301n21_Page_1.jpg 1654w\" sizes=\"(max-width: 724px) 100vw, 724px\" \/><\/a><\/figure><\/li><li class=\"blocks-gallery-item\"><figure><a href=\"https:\/\/galleri208.borgo.is\/2020\/\/wp-content\/uploads\/2020\/05\/Lokaverk-Katri\u0301n21_Page_2.jpg\"><img loading=\"lazy\" width=\"724\" height=\"1024\" src=\"https:\/\/galleri208.borgo.is\/2020\/\/wp-content\/uploads\/2020\/05\/Lokaverk-Katri\u0301n21_Page_2-724x1024.jpg\" alt=\"\" data-id=\"398\" data-full-url=\"https:\/\/galleri208.borgo.is\/2020\/\/wp-content\/uploads\/2020\/05\/Lokaverk-Katri\u0301n21_Page_2.jpg\" data-link=\"https:\/\/galleri208.borgo.is\/2020\/\/katrin-agnes-ellertsdottir\/lokaverk-katrin21_page_2\/\" class=\"wp-image-398\" srcset=\"https:\/\/galleri208.borgo.is\/2020\/wp-content\/uploads\/2020\/05\/Lokaverk-Katri\u0301n21_Page_2-724x1024.jpg 724w, https:\/\/galleri208.borgo.is\/2020\/wp-content\/uploads\/2020\/05\/Lokaverk-Katri\u0301n21_Page_2-212x300.jpg 212w, https:\/\/galleri208.borgo.is\/2020\/wp-content\/uploads\/2020\/05\/Lokaverk-Katri\u0301n21_Page_2-768x1086.jpg 768w, https:\/\/galleri208.borgo.is\/2020\/wp-content\/uploads\/2020\/05\/Lokaverk-Katri\u0301n21_Page_2-1086x1536.jpg 1086w, https:\/\/galleri208.borgo.is\/2020\/wp-content\/uploads\/2020\/05\/Lokaverk-Katri\u0301n21_Page_2-1448x2048.jpg 1448w, https:\/\/galleri208.borgo.is\/2020\/wp-content\/uploads\/2020\/05\/Lokaverk-Katri\u0301n21_Page_2.jpg 1654w\" sizes=\"(max-width: 724px) 100vw, 724px\" \/><\/a><\/figure><\/li><li class=\"blocks-gallery-item\"><figure><a href=\"https:\/\/galleri208.borgo.is\/2020\/\/wp-content\/uploads\/2020\/05\/Lokaverk-Katri\u0301n21_Page_3.jpg\"><img loading=\"lazy\" width=\"724\" height=\"1024\" src=\"https:\/\/galleri208.borgo.is\/2020\/\/wp-content\/uploads\/2020\/05\/Lokaverk-Katri\u0301n21_Page_3-724x1024.jpg\" alt=\"\" data-id=\"399\" data-full-url=\"https:\/\/galleri208.borgo.is\/2020\/\/wp-content\/uploads\/2020\/05\/Lokaverk-Katri\u0301n21_Page_3.jpg\" data-link=\"https:\/\/galleri208.borgo.is\/2020\/\/katrin-agnes-ellertsdottir\/lokaverk-katrin21_page_3\/\" class=\"wp-image-399\" srcset=\"https:\/\/galleri208.borgo.is\/2020\/wp-content\/uploads\/2020\/05\/Lokaverk-Katri\u0301n21_Page_3-724x1024.jpg 724w, https:\/\/galleri208.borgo.is\/2020\/wp-content\/uploads\/2020\/05\/Lokaverk-Katri\u0301n21_Page_3-212x300.jpg 212w, https:\/\/galleri208.borgo.is\/2020\/wp-content\/uploads\/2020\/05\/Lokaverk-Katri\u0301n21_Page_3-768x1086.jpg 768w, https:\/\/galleri208.borgo.is\/2020\/wp-content\/uploads\/2020\/05\/Lokaverk-Katri\u0301n21_Page_3-1086x1536.jpg 1086w, https:\/\/galleri208.borgo.is\/2020\/wp-content\/uploads\/2020\/05\/Lokaverk-Katri\u0301n21_Page_3-1448x2048.jpg 1448w, https:\/\/galleri208.borgo.is\/2020\/wp-content\/uploads\/2020\/05\/Lokaverk-Katri\u0301n21_Page_3.jpg 1654w\" sizes=\"(max-width: 724px) 100vw, 724px\" \/><\/a><\/figure><\/li><li class=\"blocks-gallery-item\"><figure><a href=\"https:\/\/galleri208.borgo.is\/2020\/\/wp-content\/uploads\/2020\/05\/Lokaverk-Katri\u0301n21_Page_4.jpg\"><img loading=\"lazy\" width=\"724\" height=\"1024\" src=\"https:\/\/galleri208.borgo.is\/2020\/\/wp-content\/uploads\/2020\/05\/Lokaverk-Katri\u0301n21_Page_4-724x1024.jpg\" alt=\"\" data-id=\"400\" data-full-url=\"https:\/\/galleri208.borgo.is\/2020\/\/wp-content\/uploads\/2020\/05\/Lokaverk-Katri\u0301n21_Page_4.jpg\" data-link=\"https:\/\/galleri208.borgo.is\/2020\/\/katrin-agnes-ellertsdottir\/lokaverk-katrin21_page_4\/\" class=\"wp-image-400\" srcset=\"https:\/\/galleri208.borgo.is\/2020\/wp-content\/uploads\/2020\/05\/Lokaverk-Katri\u0301n21_Page_4-724x1024.jpg 724w, https:\/\/galleri208.borgo.is\/2020\/wp-content\/uploads\/2020\/05\/Lokaverk-Katri\u0301n21_Page_4-212x300.jpg 212w, https:\/\/galleri208.borgo.is\/2020\/wp-content\/uploads\/2020\/05\/Lokaverk-Katri\u0301n21_Page_4-768x1086.jpg 768w, https:\/\/galleri208.borgo.is\/2020\/wp-content\/uploads\/2020\/05\/Lokaverk-Katri\u0301n21_Page_4-1086x1536.jpg 1086w, https:\/\/galleri208.borgo.is\/2020\/wp-content\/uploads\/2020\/05\/Lokaverk-Katri\u0301n21_Page_4-1448x2048.jpg 1448w, https:\/\/galleri208.borgo.is\/2020\/wp-content\/uploads\/2020\/05\/Lokaverk-Katri\u0301n21_Page_4.jpg 1654w\" sizes=\"(max-width: 724px) 100vw, 724px\" \/><\/a><\/figure><\/li><li class=\"blocks-gallery-item\"><figure><a href=\"https:\/\/galleri208.borgo.is\/2020\/\/wp-content\/uploads\/2020\/05\/Lokaverk-Katri\u0301n21_Page_5.jpg\"><img loading=\"lazy\" width=\"724\" height=\"1024\" src=\"https:\/\/galleri208.borgo.is\/2020\/\/wp-content\/uploads\/2020\/05\/Lokaverk-Katri\u0301n21_Page_5-724x1024.jpg\" alt=\"\" data-id=\"401\" data-full-url=\"https:\/\/galleri208.borgo.is\/2020\/\/wp-content\/uploads\/2020\/05\/Lokaverk-Katri\u0301n21_Page_5.jpg\" data-link=\"https:\/\/galleri208.borgo.is\/2020\/\/katrin-agnes-ellertsdottir\/lokaverk-katrin21_page_5\/\" class=\"wp-image-401\" srcset=\"https:\/\/galleri208.borgo.is\/2020\/wp-content\/uploads\/2020\/05\/Lokaverk-Katri\u0301n21_Page_5-724x1024.jpg 724w, https:\/\/galleri208.borgo.is\/2020\/wp-content\/uploads\/2020\/05\/Lokaverk-Katri\u0301n21_Page_5-212x300.jpg 212w, https:\/\/galleri208.borgo.is\/2020\/wp-content\/uploads\/2020\/05\/Lokaverk-Katri\u0301n21_Page_5-768x1086.jpg 768w, https:\/\/galleri208.borgo.is\/2020\/wp-content\/uploads\/2020\/05\/Lokaverk-Katri\u0301n21_Page_5-1086x1536.jpg 1086w, https:\/\/galleri208.borgo.is\/2020\/wp-content\/uploads\/2020\/05\/Lokaverk-Katri\u0301n21_Page_5-1448x2048.jpg 1448w, https:\/\/galleri208.borgo.is\/2020\/wp-content\/uploads\/2020\/05\/Lokaverk-Katri\u0301n21_Page_5.jpg 1654w\" sizes=\"(max-width: 724px) 100vw, 724px\" \/><\/a><\/figure><\/li><li class=\"blocks-gallery-item\"><figure><a href=\"https:\/\/galleri208.borgo.is\/2020\/\/wp-content\/uploads\/2020\/05\/Lokaverk-Katri\u0301n21_Page_6.jpg\"><img loading=\"lazy\" width=\"724\" height=\"1024\" src=\"https:\/\/galleri208.borgo.is\/2020\/\/wp-content\/uploads\/2020\/05\/Lokaverk-Katri\u0301n21_Page_6-724x1024.jpg\" alt=\"\" data-id=\"402\" data-full-url=\"https:\/\/galleri208.borgo.is\/2020\/\/wp-content\/uploads\/2020\/05\/Lokaverk-Katri\u0301n21_Page_6.jpg\" data-link=\"https:\/\/galleri208.borgo.is\/2020\/\/katrin-agnes-ellertsdottir\/lokaverk-katrin21_page_6\/\" class=\"wp-image-402\" srcset=\"https:\/\/galleri208.borgo.is\/2020\/wp-content\/uploads\/2020\/05\/Lokaverk-Katri\u0301n21_Page_6-724x1024.jpg 724w, https:\/\/galleri208.borgo.is\/2020\/wp-content\/uploads\/2020\/05\/Lokaverk-Katri\u0301n21_Page_6-212x300.jpg 212w, https:\/\/galleri208.borgo.is\/2020\/wp-content\/uploads\/2020\/05\/Lokaverk-Katri\u0301n21_Page_6-768x1086.jpg 768w, https:\/\/galleri208.borgo.is\/2020\/wp-content\/uploads\/2020\/05\/Lokaverk-Katri\u0301n21_Page_6-1086x1536.jpg 1086w, https:\/\/galleri208.borgo.is\/2020\/wp-content\/uploads\/2020\/05\/Lokaverk-Katri\u0301n21_Page_6-1448x2048.jpg 1448w, https:\/\/galleri208.borgo.is\/2020\/wp-content\/uploads\/2020\/05\/Lokaverk-Katri\u0301n21_Page_6.jpg 1654w\" sizes=\"(max-width: 724px) 100vw, 724px\" \/><\/a><\/figure><\/li><li class=\"blocks-gallery-item\"><figure><a href=\"https:\/\/galleri208.borgo.is\/2020\/\/wp-content\/uploads\/2020\/05\/Lokaverk-Katri\u0301n21_Page_7.jpg\"><img loading=\"lazy\" width=\"724\" height=\"1024\" src=\"https:\/\/galleri208.borgo.is\/2020\/\/wp-content\/uploads\/2020\/05\/Lokaverk-Katri\u0301n21_Page_7-724x1024.jpg\" alt=\"\" data-id=\"403\" data-full-url=\"https:\/\/galleri208.borgo.is\/2020\/\/wp-content\/uploads\/2020\/05\/Lokaverk-Katri\u0301n21_Page_7.jpg\" data-link=\"https:\/\/galleri208.borgo.is\/2020\/\/katrin-agnes-ellertsdottir\/lokaverk-katrin21_page_7\/\" class=\"wp-image-403\" srcset=\"https:\/\/galleri208.borgo.is\/2020\/wp-content\/uploads\/2020\/05\/Lokaverk-Katri\u0301n21_Page_7-724x1024.jpg 724w, https:\/\/galleri208.borgo.is\/2020\/wp-content\/uploads\/2020\/05\/Lokaverk-Katri\u0301n21_Page_7-212x300.jpg 212w, https:\/\/galleri208.borgo.is\/2020\/wp-content\/uploads\/2020\/05\/Lokaverk-Katri\u0301n21_Page_7-768x1086.jpg 768w, https:\/\/galleri208.borgo.is\/2020\/wp-content\/uploads\/2020\/05\/Lokaverk-Katri\u0301n21_Page_7-1086x1536.jpg 1086w, https:\/\/galleri208.borgo.is\/2020\/wp-content\/uploads\/2020\/05\/Lokaverk-Katri\u0301n21_Page_7-1448x2048.jpg 1448w, https:\/\/galleri208.borgo.is\/2020\/wp-content\/uploads\/2020\/05\/Lokaverk-Katri\u0301n21_Page_7.jpg 1654w\" sizes=\"(max-width: 724px) 100vw, 724px\" \/><\/a><\/figure><\/li><li class=\"blocks-gallery-item\"><figure><a href=\"https:\/\/galleri208.borgo.is\/2020\/\/wp-content\/uploads\/2020\/05\/Lokaverk-Katri\u0301n21_Page_8.jpg\"><img loading=\"lazy\" width=\"724\" height=\"1024\" src=\"https:\/\/galleri208.borgo.is\/2020\/\/wp-content\/uploads\/2020\/05\/Lokaverk-Katri\u0301n21_Page_8-724x1024.jpg\" alt=\"\" data-id=\"404\" data-full-url=\"https:\/\/galleri208.borgo.is\/2020\/\/wp-content\/uploads\/2020\/05\/Lokaverk-Katri\u0301n21_Page_8.jpg\" data-link=\"https:\/\/galleri208.borgo.is\/2020\/\/katrin-agnes-ellertsdottir\/lokaverk-katrin21_page_8\/\" class=\"wp-image-404\" srcset=\"https:\/\/galleri208.borgo.is\/2020\/wp-content\/uploads\/2020\/05\/Lokaverk-Katri\u0301n21_Page_8-724x1024.jpg 724w, https:\/\/galleri208.borgo.is\/2020\/wp-content\/uploads\/2020\/05\/Lokaverk-Katri\u0301n21_Page_8-212x300.jpg 212w, https:\/\/galleri208.borgo.is\/2020\/wp-content\/uploads\/2020\/05\/Lokaverk-Katri\u0301n21_Page_8-768x1086.jpg 768w, https:\/\/galleri208.borgo.is\/2020\/wp-content\/uploads\/2020\/05\/Lokaverk-Katri\u0301n21_Page_8-1086x1536.jpg 1086w, https:\/\/galleri208.borgo.is\/2020\/wp-content\/uploads\/2020\/05\/Lokaverk-Katri\u0301n21_Page_8-1448x2048.jpg 1448w, https:\/\/galleri208.borgo.is\/2020\/wp-content\/uploads\/2020\/05\/Lokaverk-Katri\u0301n21_Page_8.jpg 1654w\" sizes=\"(max-width: 724px) 100vw, 724px\" \/><\/a><\/figure><\/li><\/ul><\/figure>\n","protected":false},"excerpt":{"rendered":"<p>Hva\u00f0 er h\u00e6gt a\u00f0 gera sumari\u00f0 2020?Veggspj\u00f6ld, 2020.Fer\u00f0umst innanlands, vei\u00f0um fiska, sko\u00f0um fossa, f\u00f6rum \u00ed fjallg\u00f6ngur, grillum sykurp\u00fa\u00f0a, f\u00f6rum \u00ed hj\u00f3lat\u00far, t\u00f6kum lj\u00f3smyndir og f\u00f6rum&#8230;<\/p>\n","protected":false},"author":1,"featured_media":0,"parent":0,"menu_order":0,"comment_status":"closed","ping_status":"closed","template":"","meta":[],"_links":{"self":[{"href":"https:\/\/galleri208.borgo.is\/2020\/wp-json\/wp\/v2\/pages\/256"}],"collection":[{"href":"https:\/\/galleri208.borgo.is\/2020\/wp-json\/wp\/v2\/pages"}],"about":[{"href":"https:\/\/galleri208.borgo.is\/2020\/wp-json\/wp\/v2\/types\/page"}],"author":[{"embeddable":true,"href":"https:\/\/galleri208.borgo.is\/2020\/wp-json\/wp\/v2\/users\/1"}],"replies":[{"embeddable":true,"href":"https:\/\/galleri208.borgo.is\/2020\/wp-json\/wp\/v2\/comments?post=256"}],"version-history":[{"count":8,"href":"https:\/\/galleri208.borgo.is\/2020\/wp-json\/wp\/v2\/pages\/256\/revisions"}],"predecessor-version":[{"id":754,"href":"https:\/\/galleri208.borgo.is\/2020\/wp-json\/wp\/v2\/pages\/256\/revisions\/754"}],"wp:attachment":[{"href":"https:\/\/galleri208.borgo.is\/2020\/wp-json\/wp\/v2\/media?parent=256"}],"curies":[{"name":"wp","href":"https:\/\/api.w.org\/{rel}","templated":true}]}}