{"id":253,"date":"2020-05-07T14:01:57","date_gmt":"2020-05-07T14:01:57","guid":{"rendered":"https:\/\/galleri208.borgo.is\/2020\/\/?page_id=253"},"modified":"2020-05-10T11:02:44","modified_gmt":"2020-05-10T11:02:44","slug":"asrun-anna-danielsdottir","status":"publish","type":"page","link":"https:\/\/galleri208.borgo.is\/2020\/asrun-anna-danielsdottir\/","title":{"rendered":"\u00c1sr\u00fan Anna Dan\u00edelsd\u00f3ttir"},"content":{"rendered":"\n<h5><strong>Leitarhundar<\/strong><br>B\u00f3kverk, 2020.<br><br>L\u00edtil b\u00f3k sem s\u00fdnir mismunandi tegundir leitarhunda, mikilv\u00e6gi \u00feeirra og hvernig \u00feeir eru \u00fej\u00e1lfa\u00f0ir. B\u00f3kin er hugsu\u00f0 sem kennsluefni. Textinn er unninn \u00ed samstarfi vi\u00f0 Krist\u00ednu Sigmarsd\u00f3ttur leitarhundalei\u00f0beinanda.<br><br><\/h5>\n\n\n\n<h5><br><\/h5>\n\n\n\n<p><\/p>\n\n\n\n<figure class=\"wp-block-embed-issuu wp-block-embed is-type-rich is-provider-issuu\"><div class=\"wp-block-embed__wrapper\">\n<div data-url=\"https:\/\/issuu.com\/asrunanna\/docs\/lokaverkefni_leitarhundar_asrunanna\" style=\"width: 500px; height: 355px;\" class=\"issuuembed\"><\/div><script type=\"text\/javascript\" src=\"\/\/e.issuu.com\/embed.js\" async=\"true\"><\/script>\n<\/div><\/figure>\n\n\n\n<h5><\/h5>\n\n\n\n<figure class=\"wp-block-gallery columns-1 is-cropped\"><ul class=\"blocks-gallery-grid\"><li class=\"blocks-gallery-item\"><figure><img loading=\"lazy\" width=\"1024\" height=\"726\" src=\"https:\/\/galleri208.borgo.is\/2020\/\/wp-content\/uploads\/2020\/05\/leitarhundar_asrun1-1024x726.jpg\" alt=\"\" data-id=\"740\" data-link=\"https:\/\/galleri208.borgo.is\/2020\/\/asrun-anna-danielsdottir\/leitarhundar_asrun1\/\" class=\"wp-image-740\" srcset=\"https:\/\/galleri208.borgo.is\/2020\/wp-content\/uploads\/2020\/05\/leitarhundar_asrun1-1024x726.jpg 1024w, https:\/\/galleri208.borgo.is\/2020\/wp-content\/uploads\/2020\/05\/leitarhundar_asrun1-300x213.jpg 300w, https:\/\/galleri208.borgo.is\/2020\/wp-content\/uploads\/2020\/05\/leitarhundar_asrun1-768x545.jpg 768w, https:\/\/galleri208.borgo.is\/2020\/wp-content\/uploads\/2020\/05\/leitarhundar_asrun1.jpg 1410w\" sizes=\"(max-width: 1024px) 100vw, 1024px\" \/><\/figure><\/li><li class=\"blocks-gallery-item\"><figure><img loading=\"lazy\" width=\"1024\" height=\"726\" src=\"https:\/\/galleri208.borgo.is\/2020\/\/wp-content\/uploads\/2020\/05\/asrun_Page_2-1024x726.jpg\" alt=\"\" data-id=\"735\" data-link=\"https:\/\/galleri208.borgo.is\/2020\/\/asrun-anna-danielsdottir\/asrun_page_2\/\" class=\"wp-image-735\" srcset=\"https:\/\/galleri208.borgo.is\/2020\/wp-content\/uploads\/2020\/05\/asrun_Page_2-1024x726.jpg 1024w, https:\/\/galleri208.borgo.is\/2020\/wp-content\/uploads\/2020\/05\/asrun_Page_2-300x213.jpg 300w, https:\/\/galleri208.borgo.is\/2020\/wp-content\/uploads\/2020\/05\/asrun_Page_2-768x545.jpg 768w, https:\/\/galleri208.borgo.is\/2020\/wp-content\/uploads\/2020\/05\/asrun_Page_2.jpg 1166w\" sizes=\"(max-width: 1024px) 100vw, 1024px\" \/><\/figure><\/li><li class=\"blocks-gallery-item\"><figure><img loading=\"lazy\" width=\"1024\" height=\"726\" src=\"https:\/\/galleri208.borgo.is\/2020\/\/wp-content\/uploads\/2020\/05\/asrun_Page_3-1024x726.jpg\" alt=\"\" data-id=\"736\" data-link=\"https:\/\/galleri208.borgo.is\/2020\/\/asrun-anna-danielsdottir\/asrun_page_3\/\" class=\"wp-image-736\" srcset=\"https:\/\/galleri208.borgo.is\/2020\/wp-content\/uploads\/2020\/05\/asrun_Page_3-1024x726.jpg 1024w, https:\/\/galleri208.borgo.is\/2020\/wp-content\/uploads\/2020\/05\/asrun_Page_3-300x213.jpg 300w, https:\/\/galleri208.borgo.is\/2020\/wp-content\/uploads\/2020\/05\/asrun_Page_3-768x545.jpg 768w, https:\/\/galleri208.borgo.is\/2020\/wp-content\/uploads\/2020\/05\/asrun_Page_3.jpg 1166w\" sizes=\"(max-width: 1024px) 100vw, 1024px\" \/><\/figure><\/li><li class=\"blocks-gallery-item\"><figure><img loading=\"lazy\" width=\"1024\" height=\"726\" src=\"https:\/\/galleri208.borgo.is\/2020\/\/wp-content\/uploads\/2020\/05\/asrun_Page_4-1024x726.jpg\" alt=\"\" data-id=\"737\" data-link=\"https:\/\/galleri208.borgo.is\/2020\/\/asrun-anna-danielsdottir\/asrun_page_4\/\" class=\"wp-image-737\" srcset=\"https:\/\/galleri208.borgo.is\/2020\/wp-content\/uploads\/2020\/05\/asrun_Page_4-1024x726.jpg 1024w, https:\/\/galleri208.borgo.is\/2020\/wp-content\/uploads\/2020\/05\/asrun_Page_4-300x213.jpg 300w, https:\/\/galleri208.borgo.is\/2020\/wp-content\/uploads\/2020\/05\/asrun_Page_4-768x545.jpg 768w, https:\/\/galleri208.borgo.is\/2020\/wp-content\/uploads\/2020\/05\/asrun_Page_4.jpg 1166w\" sizes=\"(max-width: 1024px) 100vw, 1024px\" \/><\/figure><\/li><li class=\"blocks-gallery-item\"><figure><img loading=\"lazy\" width=\"1024\" height=\"726\" src=\"https:\/\/galleri208.borgo.is\/2020\/\/wp-content\/uploads\/2020\/05\/asrun_Page_5-1024x726.jpg\" alt=\"\" data-id=\"738\" data-link=\"https:\/\/galleri208.borgo.is\/2020\/\/asrun-anna-danielsdottir\/asrun_page_5\/\" class=\"wp-image-738\" srcset=\"https:\/\/galleri208.borgo.is\/2020\/wp-content\/uploads\/2020\/05\/asrun_Page_5-1024x726.jpg 1024w, https:\/\/galleri208.borgo.is\/2020\/wp-content\/uploads\/2020\/05\/asrun_Page_5-300x213.jpg 300w, https:\/\/galleri208.borgo.is\/2020\/wp-content\/uploads\/2020\/05\/asrun_Page_5-768x545.jpg 768w, https:\/\/galleri208.borgo.is\/2020\/wp-content\/uploads\/2020\/05\/asrun_Page_5.jpg 1166w\" sizes=\"(max-width: 1024px) 100vw, 1024px\" \/><\/figure><\/li><li class=\"blocks-gallery-item\"><figure><img loading=\"lazy\" width=\"1024\" height=\"726\" src=\"https:\/\/galleri208.borgo.is\/2020\/\/wp-content\/uploads\/2020\/05\/bak-7-1024x726.jpg\" alt=\"\" data-id=\"744\" data-full-url=\"https:\/\/galleri208.borgo.is\/2020\/\/wp-content\/uploads\/2020\/05\/bak-7.jpg\" data-link=\"https:\/\/galleri208.borgo.is\/2020\/\/asrun-anna-danielsdottir\/bak-7\/\" class=\"wp-image-744\" srcset=\"https:\/\/galleri208.borgo.is\/2020\/wp-content\/uploads\/2020\/05\/bak-7-1024x726.jpg 1024w, https:\/\/galleri208.borgo.is\/2020\/wp-content\/uploads\/2020\/05\/bak-7-300x213.jpg 300w, https:\/\/galleri208.borgo.is\/2020\/wp-content\/uploads\/2020\/05\/bak-7-768x545.jpg 768w, https:\/\/galleri208.borgo.is\/2020\/wp-content\/uploads\/2020\/05\/bak-7.jpg 1166w\" sizes=\"(max-width: 1024px) 100vw, 1024px\" \/><\/figure><\/li><\/ul><\/figure>\n","protected":false},"excerpt":{"rendered":"<p>LeitarhundarB\u00f3kverk, 2020.L\u00edtil b\u00f3k sem s\u00fdnir mismunandi tegundir leitarhunda, mikilv\u00e6gi \u00feeirra og hvernig \u00feeir eru \u00fej\u00e1lfa\u00f0ir. B\u00f3kin er hugsu\u00f0 sem kennsluefni. Textinn er unninn \u00ed samstarfi&#8230;<\/p>\n","protected":false},"author":1,"featured_media":0,"parent":0,"menu_order":0,"comment_status":"closed","ping_status":"closed","template":"","meta":[],"_links":{"self":[{"href":"https:\/\/galleri208.borgo.is\/2020\/wp-json\/wp\/v2\/pages\/253"}],"collection":[{"href":"https:\/\/galleri208.borgo.is\/2020\/wp-json\/wp\/v2\/pages"}],"about":[{"href":"https:\/\/galleri208.borgo.is\/2020\/wp-json\/wp\/v2\/types\/page"}],"author":[{"embeddable":true,"href":"https:\/\/galleri208.borgo.is\/2020\/wp-json\/wp\/v2\/users\/1"}],"replies":[{"embeddable":true,"href":"https:\/\/galleri208.borgo.is\/2020\/wp-json\/wp\/v2\/comments?post=253"}],"version-history":[{"count":12,"href":"https:\/\/galleri208.borgo.is\/2020\/wp-json\/wp\/v2\/pages\/253\/revisions"}],"predecessor-version":[{"id":748,"href":"https:\/\/galleri208.borgo.is\/2020\/wp-json\/wp\/v2\/pages\/253\/revisions\/748"}],"wp:attachment":[{"href":"https:\/\/galleri208.borgo.is\/2020\/wp-json\/wp\/v2\/media?parent=253"}],"curies":[{"name":"wp","href":"https:\/\/api.w.org\/{rel}","templated":true}]}}