{"id":248,"date":"2020-05-07T13:57:40","date_gmt":"2020-05-07T13:57:40","guid":{"rendered":"https:\/\/galleri208.borgo.is\/2020\/\/?page_id=248"},"modified":"2020-05-10T13:52:59","modified_gmt":"2020-05-10T13:52:59","slug":"hinrik-snaer-katrinarson","status":"publish","type":"page","link":"https:\/\/galleri208.borgo.is\/2020\/hinrik-snaer-katrinarson\/","title":{"rendered":"Hinrik Sn\u00e6r Katr\u00ednarson"},"content":{"rendered":"\n<h5><strong>Hinrik<br><\/strong>T\u00f3nlistarmyndband, 2020.<\/h5>\n\n\n\n<h5>Hreyfimynd vi\u00f0 m\u00edna eigin t\u00f3nlist. <br><\/h5>\n\n\n\n<h5 class=\"has-very-light-gray-color has-text-color\">..<br><\/h5>\n\n\n\n<figure class=\"wp-block-embed-youtube wp-block-embed is-type-video is-provider-youtube wp-embed-aspect-16-9 wp-has-aspect-ratio\"><div class=\"wp-block-embed__wrapper\">\n<iframe loading=\"lazy\" title=\"20+20-20 \/ Lokaverkefni Hinrik Sn\u00e6r\" width=\"500\" height=\"281\" src=\"https:\/\/www.youtube.com\/embed\/q1OnOTyNrkk?feature=oembed\" frameborder=\"0\" allow=\"accelerometer; autoplay; encrypted-media; gyroscope; picture-in-picture\" allowfullscreen><\/iframe>\n<\/div><\/figure>\n","protected":false},"excerpt":{"rendered":"<p>HinrikT\u00f3nlistarmyndband, 2020. Hreyfimynd vi\u00f0 m\u00edna eigin t\u00f3nlist. ..<\/p>\n","protected":false},"author":1,"featured_media":0,"parent":0,"menu_order":0,"comment_status":"closed","ping_status":"closed","template":"","meta":[],"_links":{"self":[{"href":"https:\/\/galleri208.borgo.is\/2020\/wp-json\/wp\/v2\/pages\/248"}],"collection":[{"href":"https:\/\/galleri208.borgo.is\/2020\/wp-json\/wp\/v2\/pages"}],"about":[{"href":"https:\/\/galleri208.borgo.is\/2020\/wp-json\/wp\/v2\/types\/page"}],"author":[{"embeddable":true,"href":"https:\/\/galleri208.borgo.is\/2020\/wp-json\/wp\/v2\/users\/1"}],"replies":[{"embeddable":true,"href":"https:\/\/galleri208.borgo.is\/2020\/wp-json\/wp\/v2\/comments?post=248"}],"version-history":[{"count":6,"href":"https:\/\/galleri208.borgo.is\/2020\/wp-json\/wp\/v2\/pages\/248\/revisions"}],"predecessor-version":[{"id":768,"href":"https:\/\/galleri208.borgo.is\/2020\/wp-json\/wp\/v2\/pages\/248\/revisions\/768"}],"wp:attachment":[{"href":"https:\/\/galleri208.borgo.is\/2020\/wp-json\/wp\/v2\/media?parent=248"}],"curies":[{"name":"wp","href":"https:\/\/api.w.org\/{rel}","templated":true}]}}