{"id":242,"date":"2020-05-07T13:53:51","date_gmt":"2020-05-07T13:53:51","guid":{"rendered":"https:\/\/galleri208.borgo.is\/2020\/\/?page_id=242"},"modified":"2020-05-08T16:45:09","modified_gmt":"2020-05-08T16:45:09","slug":"anton-darri-jonsson","status":"publish","type":"page","link":"https:\/\/galleri208.borgo.is\/2020\/anton-darri-jonsson\/","title":{"rendered":"Anton Darri J\u00f3nsson"},"content":{"rendered":"\n<h5><strong>Fer\u00f0umst innanlands<\/strong><br>\u00cdmynda\u00f0 pl\u00f6tuumslag, 2020.<\/h5>\n\n\n\n<h6><br><\/h6>\n\n\n\n<div class=\"wp-block-image\"><figure class=\"alignleft size-large is-resized\"><a href=\"https:\/\/galleri208.borgo.is\/2020\/\/wp-content\/uploads\/2020\/05\/fram.jpg\"><img src=\"https:\/\/galleri208.borgo.is\/2020\/\/wp-content\/uploads\/2020\/05\/fram.jpg\" alt=\"\" class=\"wp-image-443\" width=\"600\" srcset=\"https:\/\/galleri208.borgo.is\/2020\/wp-content\/uploads\/2020\/05\/fram.jpg 882w, https:\/\/galleri208.borgo.is\/2020\/wp-content\/uploads\/2020\/05\/fram-300x300.jpg 300w, https:\/\/galleri208.borgo.is\/2020\/wp-content\/uploads\/2020\/05\/fram-150x150.jpg 150w, https:\/\/galleri208.borgo.is\/2020\/wp-content\/uploads\/2020\/05\/fram-768x768.jpg 768w\" sizes=\"(max-width: 882px) 100vw, 882px\" \/><\/a><\/figure><\/div>\n\n\n\n<h5> <\/h5>\n\n\n\n<div class=\"wp-block-image\"><figure class=\"alignleft size-large is-resized\"><a href=\"https:\/\/galleri208.borgo.is\/2020\/\/wp-content\/uploads\/2020\/05\/bak.jpg\"><img src=\"https:\/\/galleri208.borgo.is\/2020\/\/wp-content\/uploads\/2020\/05\/bak.jpg\" alt=\"\" class=\"wp-image-445\" width=\"600\" srcset=\"https:\/\/galleri208.borgo.is\/2020\/wp-content\/uploads\/2020\/05\/bak.jpg 882w, https:\/\/galleri208.borgo.is\/2020\/wp-content\/uploads\/2020\/05\/bak-300x300.jpg 300w, https:\/\/galleri208.borgo.is\/2020\/wp-content\/uploads\/2020\/05\/bak-150x150.jpg 150w, https:\/\/galleri208.borgo.is\/2020\/wp-content\/uploads\/2020\/05\/bak-768x768.jpg 768w\" sizes=\"(max-width: 882px) 100vw, 882px\" \/><\/a><\/figure><\/div>\n","protected":false},"excerpt":{"rendered":"<p>Fer\u00f0umst innanlands\u00cdmynda\u00f0 pl\u00f6tuumslag, 2020.<\/p>\n","protected":false},"author":1,"featured_media":0,"parent":0,"menu_order":0,"comment_status":"closed","ping_status":"closed","template":"","meta":[],"_links":{"self":[{"href":"https:\/\/galleri208.borgo.is\/2020\/wp-json\/wp\/v2\/pages\/242"}],"collection":[{"href":"https:\/\/galleri208.borgo.is\/2020\/wp-json\/wp\/v2\/pages"}],"about":[{"href":"https:\/\/galleri208.borgo.is\/2020\/wp-json\/wp\/v2\/types\/page"}],"author":[{"embeddable":true,"href":"https:\/\/galleri208.borgo.is\/2020\/wp-json\/wp\/v2\/users\/1"}],"replies":[{"embeddable":true,"href":"https:\/\/galleri208.borgo.is\/2020\/wp-json\/wp\/v2\/comments?post=242"}],"version-history":[{"count":17,"href":"https:\/\/galleri208.borgo.is\/2020\/wp-json\/wp\/v2\/pages\/242\/revisions"}],"predecessor-version":[{"id":554,"href":"https:\/\/galleri208.borgo.is\/2020\/wp-json\/wp\/v2\/pages\/242\/revisions\/554"}],"wp:attachment":[{"href":"https:\/\/galleri208.borgo.is\/2020\/wp-json\/wp\/v2\/media?parent=242"}],"curies":[{"name":"wp","href":"https:\/\/api.w.org\/{rel}","templated":true}]}}