{"id":239,"date":"2020-05-07T13:52:15","date_gmt":"2020-05-07T13:52:15","guid":{"rendered":"https:\/\/galleri208.borgo.is\/2020\/\/?page_id=239"},"modified":"2020-05-11T22:02:27","modified_gmt":"2020-05-11T22:02:27","slug":"thorbjorg-kristinsdottir","status":"publish","type":"page","link":"https:\/\/galleri208.borgo.is\/2020\/thorbjorg-kristinsdottir\/","title":{"rendered":"\u00deorbj\u00f6rg Kristinsd\u00f3ttir"},"content":{"rendered":"\n<h5><strong>Hreyfum okkur<\/strong><br>Hreyfimynd og veggspj\u00f6ld, 2020.<br><br>Verki\u00f0 <em>Hreyfum okkur<\/em> \u00e1 a\u00f0 hvetja f\u00f3lk \u00e1 a\u00f0 hreyfa sig.<br>Hreyfing \u00e1 dag kemur skapinu \u00ed lag.\u00a0<br>Hreyfum okkur daglega fyrir betri heilsu.<br>Hreyfing b\u00e6tir l\u00ed\u00f0an og lengir l\u00edfi\u00f0.<br><br><\/h5>\n\n\n\n<figure class=\"wp-block-embed-youtube wp-block-embed is-type-video is-provider-youtube wp-embed-aspect-16-9 wp-has-aspect-ratio\"><div class=\"wp-block-embed__wrapper\">\n<iframe loading=\"lazy\" title=\"HREYFUM OKKUR\" width=\"500\" height=\"281\" src=\"https:\/\/www.youtube.com\/embed\/-qyLtuMqHBY?feature=oembed\" frameborder=\"0\" allow=\"accelerometer; autoplay; encrypted-media; gyroscope; picture-in-picture\" allowfullscreen><\/iframe>\n<\/div><\/figure>\n\n\n\n<p><br><\/p>\n\n\n\n<figure class=\"wp-block-image size-large is-resized\"><a href=\"https:\/\/galleri208.borgo.is\/2020\/\/wp-content\/uploads\/2020\/05\/PLAKKAT1.jpg\"><img src=\"https:\/\/galleri208.borgo.is\/2020\/\/wp-content\/uploads\/2020\/05\/PLAKKAT1.jpg\" alt=\"\" class=\"wp-image-758\" width=\"400\" srcset=\"https:\/\/galleri208.borgo.is\/2020\/wp-content\/uploads\/2020\/05\/PLAKKAT1.jpg 596w, https:\/\/galleri208.borgo.is\/2020\/wp-content\/uploads\/2020\/05\/PLAKKAT1-212x300.jpg 212w\" sizes=\"(max-width: 596px) 100vw, 596px\" \/><\/a><\/figure>\n\n\n\n<figure class=\"wp-block-image size-large is-resized\"><a href=\"https:\/\/galleri208.borgo.is\/2020\/\/wp-content\/uploads\/2020\/05\/PLAKKAT3.jpg\"><img src=\"https:\/\/galleri208.borgo.is\/2020\/\/wp-content\/uploads\/2020\/05\/PLAKKAT3.jpg\" alt=\"\" class=\"wp-image-759\" width=\"400\" srcset=\"https:\/\/galleri208.borgo.is\/2020\/wp-content\/uploads\/2020\/05\/PLAKKAT3.jpg 596w, https:\/\/galleri208.borgo.is\/2020\/wp-content\/uploads\/2020\/05\/PLAKKAT3-212x300.jpg 212w\" sizes=\"(max-width: 596px) 100vw, 596px\" \/><\/a><\/figure>\n\n\n\n<figure class=\"wp-block-image size-large is-resized\"><a href=\"https:\/\/galleri208.borgo.is\/2020\/\/wp-content\/uploads\/2020\/05\/PLAKKAT4.jpg\"><img src=\"https:\/\/galleri208.borgo.is\/2020\/\/wp-content\/uploads\/2020\/05\/PLAKKAT4.jpg\" alt=\"\" class=\"wp-image-760\" width=\"400\" srcset=\"https:\/\/galleri208.borgo.is\/2020\/wp-content\/uploads\/2020\/05\/PLAKKAT4.jpg 597w, https:\/\/galleri208.borgo.is\/2020\/wp-content\/uploads\/2020\/05\/PLAKKAT4-212x300.jpg 212w\" sizes=\"(max-width: 597px) 100vw, 597px\" \/><\/a><\/figure>\n","protected":false},"excerpt":{"rendered":"<p>Hreyfum okkurHreyfimynd og veggspj\u00f6ld, 2020.Verki\u00f0 Hreyfum okkur \u00e1 a\u00f0 hvetja f\u00f3lk \u00e1 a\u00f0 hreyfa sig.Hreyfing \u00e1 dag kemur skapinu \u00ed lag.\u00a0Hreyfum okkur daglega fyrir betri&#8230;<\/p>\n","protected":false},"author":1,"featured_media":0,"parent":0,"menu_order":0,"comment_status":"closed","ping_status":"closed","template":"","meta":[],"_links":{"self":[{"href":"https:\/\/galleri208.borgo.is\/2020\/wp-json\/wp\/v2\/pages\/239"}],"collection":[{"href":"https:\/\/galleri208.borgo.is\/2020\/wp-json\/wp\/v2\/pages"}],"about":[{"href":"https:\/\/galleri208.borgo.is\/2020\/wp-json\/wp\/v2\/types\/page"}],"author":[{"embeddable":true,"href":"https:\/\/galleri208.borgo.is\/2020\/wp-json\/wp\/v2\/users\/1"}],"replies":[{"embeddable":true,"href":"https:\/\/galleri208.borgo.is\/2020\/wp-json\/wp\/v2\/comments?post=239"}],"version-history":[{"count":6,"href":"https:\/\/galleri208.borgo.is\/2020\/wp-json\/wp\/v2\/pages\/239\/revisions"}],"predecessor-version":[{"id":827,"href":"https:\/\/galleri208.borgo.is\/2020\/wp-json\/wp\/v2\/pages\/239\/revisions\/827"}],"wp:attachment":[{"href":"https:\/\/galleri208.borgo.is\/2020\/wp-json\/wp\/v2\/media?parent=239"}],"curies":[{"name":"wp","href":"https:\/\/api.w.org\/{rel}","templated":true}]}}