{"id":236,"date":"2020-05-07T13:51:00","date_gmt":"2020-05-07T13:51:00","guid":{"rendered":"https:\/\/galleri208.borgo.is\/2020\/\/?page_id=236"},"modified":"2020-05-11T11:56:59","modified_gmt":"2020-05-11T11:56:59","slug":"anna-lena-halldorsdottir","status":"publish","type":"page","link":"https:\/\/galleri208.borgo.is\/2020\/anna-lena-halldorsdottir\/","title":{"rendered":"Anna Lena Halld\u00f3rsd\u00f3ttir"},"content":{"rendered":"\n<h5><strong>Einfaldari l\u00edfsst\u00edll<br><\/strong>Veggspj\u00f6ld, 2020.<br><br>Herfer\u00f0 um hvernig er h\u00e6gt a\u00f0 einfalda l\u00edfsst\u00edl til a\u00f0 veita manni hamingju og r\u00f3. Losum okkur vi\u00f0 hluti sem hafa engan tilgang \u00ed l\u00edfi okkar lengur. Allir geta veri\u00f0 samm\u00e1la \u00fev\u00ed a\u00f0 manni l\u00ed\u00f0ur betur \u00ed hreinu h\u00fasi\/herbergi. Minna d\u00f3t, meiri gle\u00f0i. Margir geta fari\u00f0 eftir \u00feessum a\u00f0fer\u00f0um sem h\u00e9r eru lag\u00f0ar til, a\u00f0allega fj\u00f6lskyldur og unglingar.<\/h5>\n\n\n\n<p><\/p>\n\n\n\n<h5><br><\/h5>\n\n\n\n<div class=\"wp-block-image\"><figure class=\"alignleft size-large is-resized\"><a href=\"https:\/\/galleri208.borgo.is\/2020\/\/wp-content\/uploads\/2020\/05\/anna2.jpg\"><img loading=\"lazy\" src=\"https:\/\/galleri208.borgo.is\/2020\/\/wp-content\/uploads\/2020\/05\/anna2-724x1024.jpg\" alt=\"\" class=\"wp-image-315\" width=\"500\" height=\"706\" srcset=\"https:\/\/galleri208.borgo.is\/2020\/wp-content\/uploads\/2020\/05\/anna2-724x1024.jpg 724w, https:\/\/galleri208.borgo.is\/2020\/wp-content\/uploads\/2020\/05\/anna2-212x300.jpg 212w, https:\/\/galleri208.borgo.is\/2020\/wp-content\/uploads\/2020\/05\/anna2-768x1086.jpg 768w, https:\/\/galleri208.borgo.is\/2020\/wp-content\/uploads\/2020\/05\/anna2.jpg 1000w\" sizes=\"(max-width: 500px) 100vw, 500px\" \/><\/a><\/figure><\/div>\n\n\n\n<div class=\"wp-block-image\"><figure class=\"alignleft size-large is-resized\"><a href=\"https:\/\/galleri208.borgo.is\/2020\/\/wp-content\/uploads\/2020\/05\/anna1.jpg\"><img loading=\"lazy\" src=\"https:\/\/galleri208.borgo.is\/2020\/\/wp-content\/uploads\/2020\/05\/anna1-724x1024.jpg\" alt=\"\" class=\"wp-image-314\" width=\"500\" height=\"707\" srcset=\"https:\/\/galleri208.borgo.is\/2020\/wp-content\/uploads\/2020\/05\/anna1-724x1024.jpg 724w, https:\/\/galleri208.borgo.is\/2020\/wp-content\/uploads\/2020\/05\/anna1-212x300.jpg 212w, https:\/\/galleri208.borgo.is\/2020\/wp-content\/uploads\/2020\/05\/anna1-768x1086.jpg 768w, https:\/\/galleri208.borgo.is\/2020\/wp-content\/uploads\/2020\/05\/anna1.jpg 1000w\" sizes=\"(max-width: 500px) 100vw, 500px\" \/><\/a><\/figure><\/div>\n","protected":false},"excerpt":{"rendered":"<p>Einfaldari l\u00edfsst\u00edllVeggspj\u00f6ld, 2020.Herfer\u00f0 um hvernig er h\u00e6gt a\u00f0 einfalda l\u00edfsst\u00edl til a\u00f0 veita manni hamingju og r\u00f3. Losum okkur vi\u00f0 hluti sem hafa engan tilgang&#8230;<\/p>\n","protected":false},"author":1,"featured_media":0,"parent":0,"menu_order":0,"comment_status":"closed","ping_status":"closed","template":"","meta":[],"_links":{"self":[{"href":"https:\/\/galleri208.borgo.is\/2020\/wp-json\/wp\/v2\/pages\/236"}],"collection":[{"href":"https:\/\/galleri208.borgo.is\/2020\/wp-json\/wp\/v2\/pages"}],"about":[{"href":"https:\/\/galleri208.borgo.is\/2020\/wp-json\/wp\/v2\/types\/page"}],"author":[{"embeddable":true,"href":"https:\/\/galleri208.borgo.is\/2020\/wp-json\/wp\/v2\/users\/1"}],"replies":[{"embeddable":true,"href":"https:\/\/galleri208.borgo.is\/2020\/wp-json\/wp\/v2\/comments?post=236"}],"version-history":[{"count":17,"href":"https:\/\/galleri208.borgo.is\/2020\/wp-json\/wp\/v2\/pages\/236\/revisions"}],"predecessor-version":[{"id":809,"href":"https:\/\/galleri208.borgo.is\/2020\/wp-json\/wp\/v2\/pages\/236\/revisions\/809"}],"wp:attachment":[{"href":"https:\/\/galleri208.borgo.is\/2020\/wp-json\/wp\/v2\/media?parent=236"}],"curies":[{"name":"wp","href":"https:\/\/api.w.org\/{rel}","templated":true}]}}