{"id":18,"date":"2020-04-27T14:47:26","date_gmt":"2020-04-27T14:47:26","guid":{"rendered":"https:\/\/galleri208.borgo.is\/2020\/\/?page_id=18"},"modified":"2020-05-10T21:24:52","modified_gmt":"2020-05-10T21:24:52","slug":"haukur-ingi-tomasson","status":"publish","type":"page","link":"https:\/\/galleri208.borgo.is\/2020\/haukur-ingi-tomasson\/","title":{"rendered":"Haukur Ingi T\u00f3masson"},"content":{"rendered":"\n<h5><strong>Frumvitund<\/strong><br>Veggspj\u00f6ld, 2020.<br>Teikna\u00f0 \u00e1 bla\u00f0 og unni\u00f0 \u00ed Photoshop.<\/h5>\n\n\n\n<h5>Hvert veggspjald er af einni \u00e6\u00f0ri veru og endurspeglar grunn\u00fe\u00e6tti l\u00edfsins.\u00a0<br><br>Ropapae fl\u00fdtur um n\u00e1l\u00e6gt mi\u00f0ju vetrarbrautarinnar \u00e1 moldar\u00fe\u00fafu og skapar l\u00edf. Hann stendur fyrir l\u00edf, list, fri\u00f0 og sk\u00f6punargle\u00f0i. Form hans er l\u00edkt og reipi me\u00f0 augu og hendur, allt vafi\u00f0 \u00ed hv\u00edtan kufl.<br><br>Mayarda fer\u00f0ast um allt og heyr str\u00ed\u00f0 vi\u00f0 \u00f3reglu og illsku. H\u00fan endurspeglar r\u00f6\u00f0, reglu, str\u00ed\u00f0 og r\u00e9ttl\u00e6ti. Form hennar er tv\u00edeygt og er vopna\u00f0 k\u00ednverskri wushu \u00f6xi.<br><br>Das er undirsta\u00f0a \u00e1star \u00ed alheiminum. Hann endurspeglar \u00e1st, sam\u00fa\u00f0, k\u00e6rleika og samkennd. Das er formlaus litr\u00edkur massi sem er til alls sta\u00f0ar \u00ed heiminum. \u00deegar hann kemur saman \u00ed eitt form l\u00edtur hann \u00fat eins og pollur me\u00f0 s\u00edbreytileg augu og munna.\u00a0<br><br>Shpong er til \u00e1 v\u00eddd handan okkar skilnings. Hann endurspeglar visku, \u00e6\u00f0ri vitund, tengingu vi\u00f0 raunveruleikann, n\u00e1tt\u00faru og sj\u00f3n. Shpong er \u00ed formi sei\u00f0karls me\u00f0 m\u00f6rg augu sem l\u00edta \u00ed allar \u00e1ttir. Hann heldur \u00e1 s\u00fapu fyrir alla fj\u00f6lv\u00edddarfer\u00f0alanga sem ver\u00f0a \u00e1 vegi hans.\u00a0<\/h5>\n\n\n\n<p><\/p>\n\n\n\n<div class=\"wp-block-image\"><figure class=\"alignleft size-large is-resized\"><a href=\"https:\/\/galleri208.borgo.is\/2020\/\/wp-content\/uploads\/2020\/05\/God_of_art1000.jpg\"><img loading=\"lazy\" src=\"https:\/\/galleri208.borgo.is\/2020\/\/wp-content\/uploads\/2020\/05\/God_of_art1000-681x1024.jpg\" alt=\"\" class=\"wp-image-215\" width=\"506\" height=\"761\" srcset=\"https:\/\/galleri208.borgo.is\/2020\/wp-content\/uploads\/2020\/05\/God_of_art1000-681x1024.jpg 681w, https:\/\/galleri208.borgo.is\/2020\/wp-content\/uploads\/2020\/05\/God_of_art1000-200x300.jpg 200w, https:\/\/galleri208.borgo.is\/2020\/wp-content\/uploads\/2020\/05\/God_of_art1000-768x1154.jpg 768w, https:\/\/galleri208.borgo.is\/2020\/wp-content\/uploads\/2020\/05\/God_of_art1000.jpg 1000w\" sizes=\"(max-width: 506px) 100vw, 506px\" \/><\/a><figcaption>Ropapae<\/figcaption><\/figure><\/div>\n\n\n\n<div class=\"wp-block-image\"><figure class=\"alignleft size-large is-resized\"><a href=\"https:\/\/galleri208.borgo.is\/2020\/\/wp-content\/uploads\/2020\/05\/Order_1000.jpg\"><img loading=\"lazy\" src=\"https:\/\/galleri208.borgo.is\/2020\/\/wp-content\/uploads\/2020\/05\/Order_1000-747x1024.jpg\" alt=\"\" class=\"wp-image-218\" width=\"503\" height=\"689\" srcset=\"https:\/\/galleri208.borgo.is\/2020\/wp-content\/uploads\/2020\/05\/Order_1000-747x1024.jpg 747w, https:\/\/galleri208.borgo.is\/2020\/wp-content\/uploads\/2020\/05\/Order_1000-219x300.jpg 219w, https:\/\/galleri208.borgo.is\/2020\/wp-content\/uploads\/2020\/05\/Order_1000-768x1052.jpg 768w, https:\/\/galleri208.borgo.is\/2020\/wp-content\/uploads\/2020\/05\/Order_1000.jpg 1000w\" sizes=\"(max-width: 503px) 100vw, 503px\" \/><\/a><figcaption>Mayarda<\/figcaption><\/figure><\/div>\n\n\n\n<div class=\"wp-block-image\"><figure class=\"alignleft size-large is-resized\"><a href=\"https:\/\/galleri208.borgo.is\/2020\/\/wp-content\/uploads\/2020\/05\/Wisdom1000-1.jpg\"><img loading=\"lazy\" src=\"https:\/\/galleri208.borgo.is\/2020\/\/wp-content\/uploads\/2020\/05\/Wisdom1000-1-683x1024.jpg\" alt=\"\" class=\"wp-image-230\" width=\"503\" height=\"753\" srcset=\"https:\/\/galleri208.borgo.is\/2020\/wp-content\/uploads\/2020\/05\/Wisdom1000-1-683x1024.jpg 683w, https:\/\/galleri208.borgo.is\/2020\/wp-content\/uploads\/2020\/05\/Wisdom1000-1-200x300.jpg 200w\" sizes=\"(max-width: 503px) 100vw, 503px\" \/><\/a><figcaption>Shpong<\/figcaption><\/figure><\/div>\n\n\n\n<div class=\"wp-block-image\"><figure class=\"alignleft size-large is-resized\"><a href=\"https:\/\/galleri208.borgo.is\/2020\/\/wp-content\/uploads\/2020\/05\/Thelovepool1000.jpg\"><img loading=\"lazy\" src=\"https:\/\/galleri208.borgo.is\/2020\/\/wp-content\/uploads\/2020\/05\/Thelovepool1000-699x1024.jpg\" alt=\"\" class=\"wp-image-291\" width=\"503\" height=\"737\" srcset=\"https:\/\/galleri208.borgo.is\/2020\/wp-content\/uploads\/2020\/05\/Thelovepool1000-699x1024.jpg 699w, https:\/\/galleri208.borgo.is\/2020\/wp-content\/uploads\/2020\/05\/Thelovepool1000-205x300.jpg 205w, https:\/\/galleri208.borgo.is\/2020\/wp-content\/uploads\/2020\/05\/Thelovepool1000-768x1125.jpg 768w, https:\/\/galleri208.borgo.is\/2020\/wp-content\/uploads\/2020\/05\/Thelovepool1000.jpg 1000w\" sizes=\"(max-width: 503px) 100vw, 503px\" \/><\/a><figcaption>Das<\/figcaption><\/figure><\/div>\n","protected":false},"excerpt":{"rendered":"<p>FrumvitundVeggspj\u00f6ld, 2020.Teikna\u00f0 \u00e1 bla\u00f0 og unni\u00f0 \u00ed Photoshop. Hvert veggspjald er af einni \u00e6\u00f0ri veru og endurspeglar grunn\u00fe\u00e6tti l\u00edfsins.\u00a0Ropapae fl\u00fdtur um n\u00e1l\u00e6gt mi\u00f0ju vetrarbrautarinnar \u00e1&#8230;<\/p>\n","protected":false},"author":1,"featured_media":0,"parent":0,"menu_order":0,"comment_status":"closed","ping_status":"closed","template":"","meta":[],"_links":{"self":[{"href":"https:\/\/galleri208.borgo.is\/2020\/wp-json\/wp\/v2\/pages\/18"}],"collection":[{"href":"https:\/\/galleri208.borgo.is\/2020\/wp-json\/wp\/v2\/pages"}],"about":[{"href":"https:\/\/galleri208.borgo.is\/2020\/wp-json\/wp\/v2\/types\/page"}],"author":[{"embeddable":true,"href":"https:\/\/galleri208.borgo.is\/2020\/wp-json\/wp\/v2\/users\/1"}],"replies":[{"embeddable":true,"href":"https:\/\/galleri208.borgo.is\/2020\/wp-json\/wp\/v2\/comments?post=18"}],"version-history":[{"count":26,"href":"https:\/\/galleri208.borgo.is\/2020\/wp-json\/wp\/v2\/pages\/18\/revisions"}],"predecessor-version":[{"id":779,"href":"https:\/\/galleri208.borgo.is\/2020\/wp-json\/wp\/v2\/pages\/18\/revisions\/779"}],"wp:attachment":[{"href":"https:\/\/galleri208.borgo.is\/2020\/wp-json\/wp\/v2\/media?parent=18"}],"curies":[{"name":"wp","href":"https:\/\/api.w.org\/{rel}","templated":true}]}}