{"id":16,"date":"2020-04-27T14:46:57","date_gmt":"2020-04-27T14:46:57","guid":{"rendered":"https:\/\/galleri208.borgo.is\/2020\/\/?page_id=16"},"modified":"2020-05-10T21:19:48","modified_gmt":"2020-05-10T21:19:48","slug":"hanna-rakel-ingvarsdottir","status":"publish","type":"page","link":"https:\/\/galleri208.borgo.is\/2020\/hanna-rakel-ingvarsdottir\/","title":{"rendered":"Fanney Bj\u00f6rg Magn\u00fasd\u00f3ttir"},"content":{"rendered":"\n<h6><\/h6>\n\n\n\n<h5><strong>\u00c1minningar<\/strong><br>Veggspj\u00f6ld, 2020.<br><br>J\u00e1kv\u00e6\u00f0ar or\u00f0sendingar \u00e1 t\u00edmum k\u00f3r\u00f3nuveirunnar. Au\u00f0velt er a\u00f0 detta \u00ed neikv\u00e6\u00f0ar hugsanir \u00e1 \u00feessum t\u00edmum. Skilabo\u00f0in eiga a\u00f0 vinna gegn \u00fev\u00ed me\u00f0 \u00fev\u00ed a\u00f0 minna \u00e1 \u00fea\u00f0 j\u00e1kv\u00e6\u00f0a sem felst \u00ed litlu, einf\u00f6ldu hlutunum.<\/h5>\n\n\n\n<h5><br><\/h5>\n\n\n\n<p><\/p>\n\n\n\n<p><\/p>\n\n\n\n<figure class=\"wp-block-gallery columns-2 is-cropped\"><ul class=\"blocks-gallery-grid\"><li class=\"blocks-gallery-item\"><figure><a href=\"https:\/\/galleri208.borgo.is\/2020\/\/wp-content\/uploads\/2020\/05\/f1001-2.jpg\"><img loading=\"lazy\" width=\"1000\" height=\"1003\" src=\"https:\/\/galleri208.borgo.is\/2020\/\/wp-content\/uploads\/2020\/05\/f1001-2.jpg\" alt=\"\" data-id=\"295\" data-full-url=\"https:\/\/galleri208.borgo.is\/2020\/\/wp-content\/uploads\/2020\/05\/f1001-2.jpg\" data-link=\"https:\/\/galleri208.borgo.is\/2020\/\/hanna-rakel-ingvarsdottir\/print\/\" class=\"wp-image-295\" srcset=\"https:\/\/galleri208.borgo.is\/2020\/wp-content\/uploads\/2020\/05\/f1001-2.jpg 1000w, https:\/\/galleri208.borgo.is\/2020\/wp-content\/uploads\/2020\/05\/f1001-2-300x300.jpg 300w, https:\/\/galleri208.borgo.is\/2020\/wp-content\/uploads\/2020\/05\/f1001-2-150x150.jpg 150w, https:\/\/galleri208.borgo.is\/2020\/wp-content\/uploads\/2020\/05\/f1001-2-768x770.jpg 768w\" sizes=\"(max-width: 1000px) 100vw, 1000px\" \/><\/a><\/figure><\/li><li class=\"blocks-gallery-item\"><figure><a href=\"https:\/\/galleri208.borgo.is\/2020\/\/wp-content\/uploads\/2020\/05\/f2002-2.jpg\"><img loading=\"lazy\" width=\"1000\" height=\"1003\" src=\"https:\/\/galleri208.borgo.is\/2020\/\/wp-content\/uploads\/2020\/05\/f2002-2.jpg\" alt=\"\" data-id=\"296\" data-full-url=\"https:\/\/galleri208.borgo.is\/2020\/\/wp-content\/uploads\/2020\/05\/f2002-2.jpg\" data-link=\"https:\/\/galleri208.borgo.is\/2020\/\/hanna-rakel-ingvarsdottir\/f2002-2\/\" class=\"wp-image-296\" srcset=\"https:\/\/galleri208.borgo.is\/2020\/wp-content\/uploads\/2020\/05\/f2002-2.jpg 1000w, https:\/\/galleri208.borgo.is\/2020\/wp-content\/uploads\/2020\/05\/f2002-2-300x300.jpg 300w, https:\/\/galleri208.borgo.is\/2020\/wp-content\/uploads\/2020\/05\/f2002-2-150x150.jpg 150w, https:\/\/galleri208.borgo.is\/2020\/wp-content\/uploads\/2020\/05\/f2002-2-768x770.jpg 768w\" sizes=\"(max-width: 1000px) 100vw, 1000px\" \/><\/a><\/figure><\/li><li class=\"blocks-gallery-item\"><figure><a href=\"https:\/\/galleri208.borgo.is\/2020\/\/wp-content\/uploads\/2020\/05\/f3003-1.jpg\"><img loading=\"lazy\" width=\"1000\" height=\"1003\" src=\"https:\/\/galleri208.borgo.is\/2020\/\/wp-content\/uploads\/2020\/05\/f3003-1.jpg\" alt=\"\" data-id=\"297\" data-full-url=\"https:\/\/galleri208.borgo.is\/2020\/\/wp-content\/uploads\/2020\/05\/f3003-1.jpg\" data-link=\"https:\/\/galleri208.borgo.is\/2020\/\/hanna-rakel-ingvarsdottir\/print-2\/\" class=\"wp-image-297\" srcset=\"https:\/\/galleri208.borgo.is\/2020\/wp-content\/uploads\/2020\/05\/f3003-1.jpg 1000w, https:\/\/galleri208.borgo.is\/2020\/wp-content\/uploads\/2020\/05\/f3003-1-300x300.jpg 300w, https:\/\/galleri208.borgo.is\/2020\/wp-content\/uploads\/2020\/05\/f3003-1-150x150.jpg 150w, https:\/\/galleri208.borgo.is\/2020\/wp-content\/uploads\/2020\/05\/f3003-1-768x770.jpg 768w\" sizes=\"(max-width: 1000px) 100vw, 1000px\" \/><\/a><\/figure><\/li><li class=\"blocks-gallery-item\"><figure><a href=\"https:\/\/galleri208.borgo.is\/2020\/\/wp-content\/uploads\/2020\/05\/f4004-1.jpg\"><img loading=\"lazy\" width=\"1000\" height=\"1003\" src=\"https:\/\/galleri208.borgo.is\/2020\/\/wp-content\/uploads\/2020\/05\/f4004-1.jpg\" alt=\"\" data-id=\"298\" data-full-url=\"https:\/\/galleri208.borgo.is\/2020\/\/wp-content\/uploads\/2020\/05\/f4004-1.jpg\" data-link=\"https:\/\/galleri208.borgo.is\/2020\/\/hanna-rakel-ingvarsdottir\/print-3\/\" class=\"wp-image-298\" srcset=\"https:\/\/galleri208.borgo.is\/2020\/wp-content\/uploads\/2020\/05\/f4004-1.jpg 1000w, https:\/\/galleri208.borgo.is\/2020\/wp-content\/uploads\/2020\/05\/f4004-1-300x300.jpg 300w, https:\/\/galleri208.borgo.is\/2020\/wp-content\/uploads\/2020\/05\/f4004-1-150x150.jpg 150w, https:\/\/galleri208.borgo.is\/2020\/wp-content\/uploads\/2020\/05\/f4004-1-768x770.jpg 768w\" sizes=\"(max-width: 1000px) 100vw, 1000px\" \/><\/a><\/figure><\/li><li class=\"blocks-gallery-item\"><figure><a href=\"https:\/\/galleri208.borgo.is\/2020\/\/wp-content\/uploads\/2020\/05\/f5005-1.jpg\"><img loading=\"lazy\" width=\"1000\" height=\"1003\" src=\"https:\/\/galleri208.borgo.is\/2020\/\/wp-content\/uploads\/2020\/05\/f5005-1.jpg\" alt=\"\" data-id=\"299\" data-full-url=\"https:\/\/galleri208.borgo.is\/2020\/\/wp-content\/uploads\/2020\/05\/f5005-1.jpg\" data-link=\"https:\/\/galleri208.borgo.is\/2020\/\/hanna-rakel-ingvarsdottir\/print-4\/\" class=\"wp-image-299\" srcset=\"https:\/\/galleri208.borgo.is\/2020\/wp-content\/uploads\/2020\/05\/f5005-1.jpg 1000w, https:\/\/galleri208.borgo.is\/2020\/wp-content\/uploads\/2020\/05\/f5005-1-300x300.jpg 300w, https:\/\/galleri208.borgo.is\/2020\/wp-content\/uploads\/2020\/05\/f5005-1-150x150.jpg 150w, https:\/\/galleri208.borgo.is\/2020\/wp-content\/uploads\/2020\/05\/f5005-1-768x770.jpg 768w\" sizes=\"(max-width: 1000px) 100vw, 1000px\" \/><\/a><\/figure><\/li><li class=\"blocks-gallery-item\"><figure><a href=\"https:\/\/galleri208.borgo.is\/2020\/\/wp-content\/uploads\/2020\/05\/f6006-1.jpg\"><img loading=\"lazy\" width=\"1000\" height=\"1003\" src=\"https:\/\/galleri208.borgo.is\/2020\/\/wp-content\/uploads\/2020\/05\/f6006-1.jpg\" alt=\"\" data-id=\"300\" data-full-url=\"https:\/\/galleri208.borgo.is\/2020\/\/wp-content\/uploads\/2020\/05\/f6006-1.jpg\" data-link=\"https:\/\/galleri208.borgo.is\/2020\/\/hanna-rakel-ingvarsdottir\/print-5\/\" class=\"wp-image-300\" srcset=\"https:\/\/galleri208.borgo.is\/2020\/wp-content\/uploads\/2020\/05\/f6006-1.jpg 1000w, https:\/\/galleri208.borgo.is\/2020\/wp-content\/uploads\/2020\/05\/f6006-1-300x300.jpg 300w, https:\/\/galleri208.borgo.is\/2020\/wp-content\/uploads\/2020\/05\/f6006-1-150x150.jpg 150w, https:\/\/galleri208.borgo.is\/2020\/wp-content\/uploads\/2020\/05\/f6006-1-768x770.jpg 768w\" sizes=\"(max-width: 1000px) 100vw, 1000px\" \/><\/a><\/figure><\/li><\/ul><\/figure>\n\n\n\n<p class=\"has-text-color has-very-light-gray-color\">..<\/p>\n\n\n\n<p><\/p>\n\n\n\n<div class=\"wp-block-group\"><div class=\"wp-block-group__inner-container\"><\/div><\/div>\n\n\n\n<h6><\/h6>\n","protected":false},"excerpt":{"rendered":"<p>\u00c1minningarVeggspj\u00f6ld, 2020.J\u00e1kv\u00e6\u00f0ar or\u00f0sendingar \u00e1 t\u00edmum k\u00f3r\u00f3nuveirunnar. Au\u00f0velt er a\u00f0 detta \u00ed neikv\u00e6\u00f0ar hugsanir \u00e1 \u00feessum t\u00edmum. Skilabo\u00f0in eiga a\u00f0 vinna gegn \u00fev\u00ed me\u00f0 \u00fev\u00ed a\u00f0&#8230;<\/p>\n","protected":false},"author":1,"featured_media":0,"parent":0,"menu_order":0,"comment_status":"closed","ping_status":"closed","template":"","meta":[],"_links":{"self":[{"href":"https:\/\/galleri208.borgo.is\/2020\/wp-json\/wp\/v2\/pages\/16"}],"collection":[{"href":"https:\/\/galleri208.borgo.is\/2020\/wp-json\/wp\/v2\/pages"}],"about":[{"href":"https:\/\/galleri208.borgo.is\/2020\/wp-json\/wp\/v2\/types\/page"}],"author":[{"embeddable":true,"href":"https:\/\/galleri208.borgo.is\/2020\/wp-json\/wp\/v2\/users\/1"}],"replies":[{"embeddable":true,"href":"https:\/\/galleri208.borgo.is\/2020\/wp-json\/wp\/v2\/comments?post=16"}],"version-history":[{"count":26,"href":"https:\/\/galleri208.borgo.is\/2020\/wp-json\/wp\/v2\/pages\/16\/revisions"}],"predecessor-version":[{"id":777,"href":"https:\/\/galleri208.borgo.is\/2020\/wp-json\/wp\/v2\/pages\/16\/revisions\/777"}],"wp:attachment":[{"href":"https:\/\/galleri208.borgo.is\/2020\/wp-json\/wp\/v2\/media?parent=16"}],"curies":[{"name":"wp","href":"https:\/\/api.w.org\/{rel}","templated":true}]}}