{"id":134,"date":"2020-05-04T14:55:01","date_gmt":"2020-05-04T14:55:01","guid":{"rendered":"https:\/\/galleri208.borgo.is\/2020\/\/?page_id=134"},"modified":"2020-05-10T21:21:01","modified_gmt":"2020-05-10T21:21:01","slug":"fanney-bjorg-magnusdottir","status":"publish","type":"page","link":"https:\/\/galleri208.borgo.is\/2020\/fanney-bjorg-magnusdottir\/","title":{"rendered":"Hanna Rakel Ingvarsd\u00f3ttir"},"content":{"rendered":"\n<h5><strong>Sv\u00ednas\u00fapa<\/strong><br>Hreyfimynd og veggspjald, 2020.<br><br>Bo\u00f0skapur verksins er a\u00f0 g\u00f3\u00f0mennska borgar sig og er endurgoldin.\u00a0Fri\u00f0\u00fej\u00f3fur er l\u00edti\u00f0 sveitasv\u00edn sem lendir \u00ed sm\u00e1v\u00e6gilegum vanda en vegna \u00feess a\u00f0 hann er svo gott sv\u00edn n\u00e6r hann a\u00f0 koma s\u00e9r \u00fat \u00far vandanum.<\/h5>\n\n\n\n<h5><br><\/h5>\n\n\n\n<figure class=\"wp-block-image size-large is-resized\"><a href=\"https:\/\/galleri208.borgo.is\/2020\/\/wp-content\/uploads\/2020\/05\/hanna.jpg\"><img src=\"https:\/\/galleri208.borgo.is\/2020\/\/wp-content\/uploads\/2020\/05\/hanna-724x1024.jpg\" alt=\"\" class=\"wp-image-615\" width=\"500\" srcset=\"https:\/\/galleri208.borgo.is\/2020\/wp-content\/uploads\/2020\/05\/hanna-724x1024.jpg 724w, https:\/\/galleri208.borgo.is\/2020\/wp-content\/uploads\/2020\/05\/hanna-212x300.jpg 212w, https:\/\/galleri208.borgo.is\/2020\/wp-content\/uploads\/2020\/05\/hanna-768x1086.jpg 768w, https:\/\/galleri208.borgo.is\/2020\/wp-content\/uploads\/2020\/05\/hanna.jpg 1000w\" sizes=\"(max-width: 724px) 100vw, 724px\" \/><\/a><\/figure>\n\n\n\n<figure class=\"wp-block-embed-youtube wp-block-embed is-type-video is-provider-youtube wp-embed-aspect-16-9 wp-has-aspect-ratio\"><div class=\"wp-block-embed__wrapper\">\n<iframe loading=\"lazy\" title=\"Lokaverkefni, graf\u00edsk h\u00f6nnun, Sv\u00ednas\u00fapa, Hanna Rakel Ingvarsd\u00f3ttir\" width=\"500\" height=\"281\" src=\"https:\/\/www.youtube.com\/embed\/Y30Mf5k6pQk?feature=oembed\" frameborder=\"0\" allow=\"accelerometer; autoplay; encrypted-media; gyroscope; picture-in-picture\" allowfullscreen><\/iframe>\n<\/div><\/figure>\n\n\n\n<p><\/p>\n","protected":false},"excerpt":{"rendered":"<p>Sv\u00ednas\u00fapaHreyfimynd og veggspjald, 2020.Bo\u00f0skapur verksins er a\u00f0 g\u00f3\u00f0mennska borgar sig og er endurgoldin.\u00a0Fri\u00f0\u00fej\u00f3fur er l\u00edti\u00f0 sveitasv\u00edn sem lendir \u00ed sm\u00e1v\u00e6gilegum vanda en vegna \u00feess a\u00f0&#8230;<\/p>\n","protected":false},"author":1,"featured_media":0,"parent":0,"menu_order":0,"comment_status":"closed","ping_status":"closed","template":"","meta":[],"_links":{"self":[{"href":"https:\/\/galleri208.borgo.is\/2020\/wp-json\/wp\/v2\/pages\/134"}],"collection":[{"href":"https:\/\/galleri208.borgo.is\/2020\/wp-json\/wp\/v2\/pages"}],"about":[{"href":"https:\/\/galleri208.borgo.is\/2020\/wp-json\/wp\/v2\/types\/page"}],"author":[{"embeddable":true,"href":"https:\/\/galleri208.borgo.is\/2020\/wp-json\/wp\/v2\/users\/1"}],"replies":[{"embeddable":true,"href":"https:\/\/galleri208.borgo.is\/2020\/wp-json\/wp\/v2\/comments?post=134"}],"version-history":[{"count":14,"href":"https:\/\/galleri208.borgo.is\/2020\/wp-json\/wp\/v2\/pages\/134\/revisions"}],"predecessor-version":[{"id":778,"href":"https:\/\/galleri208.borgo.is\/2020\/wp-json\/wp\/v2\/pages\/134\/revisions\/778"}],"wp:attachment":[{"href":"https:\/\/galleri208.borgo.is\/2020\/wp-json\/wp\/v2\/media?parent=134"}],"curies":[{"name":"wp","href":"https:\/\/api.w.org\/{rel}","templated":true}]}}