{"id":125,"date":"2020-05-03T12:10:16","date_gmt":"2020-05-03T12:10:16","guid":{"rendered":"https:\/\/galleri208.borgo.is\/2020\/\/?page_id=125"},"modified":"2020-05-11T11:20:32","modified_gmt":"2020-05-11T11:20:32","slug":"einar-mar-baldvinsson","status":"publish","type":"page","link":"https:\/\/galleri208.borgo.is\/2020\/einar-mar-baldvinsson\/","title":{"rendered":"Einar M\u00e1r Baldvinsson"},"content":{"rendered":"\n<h5><strong>S\u00e9rtr\u00faars\u00f6fnu\u00f0ur C\u2019thulhus<br><\/strong>Herfer\u00f0arveggspj\u00f6ld, 2020.<br><br>Bakgrunnur verksins: C\u2019thulhu er nokkurs konar geimvera sem kom til jar\u00f0arinnar \u00e1\u00f0ur en a\u00f0 mannkyni\u00f0 var\u00f0 til. C\u2019thulhu kom til jar\u00f0arinnar til \u00feess a\u00f0 r\u00edkja yfir henni en var fangelsa\u00f0ur \u00ed R\u2019lyeh (Borg sem er sta\u00f0sett \u00ed Kyrrahafinu.) C\u2019thulhu er \u00far b\u00f3kunum hans H.P. Lovecrafts. \u00cd b\u00f3kunum talar hann um geimverur eins og C\u2019thulhu sem eru alm\u00e1ttugar. \u00d6nnur geimvera er Azathoth. Azathoth er \u00f6flugasta geimveran \u00ed alheiminum. \u00cd s\u00f6gunum \u00fatsk\u00fdrir Lovecrafts a\u00f0 vi\u00f0 erum ekkert nema draumurinn hans Azathoths og a\u00f0 \u00feegar hann vaknar \u00e1 endanum munum vi\u00f0 \u00f6ll hverfa. \u00deetta setur einnig fram spurninguna um hversu \u00f3merkilegt mannkyni\u00f0 er \u00ed \u00feessum alheimi. Herfer\u00f0in m\u00edn er fyrir fylgjendur C\u2019thulhus sem tr\u00faa a\u00f0 \u00feegar C\u2019thulhu vaknar ver\u00f0i \u00f6llu mannkyninu \u00fatr\u00fdmt nema \u00feeim. \u00c9g held a\u00f0 C\u2019thulhu g\u00e6ti ekki veri\u00f0 meira sama um fylgjendur s\u00edna. Hann hugsar um okkur eins og vi\u00f0 hugsum um p\u00f6ddur.<br><\/h5>\n\n\n\n<p><\/p>\n\n\n\n<div class=\"wp-block-image\"><figure class=\"aligncenter size-large is-resized\"><a href=\"https:\/\/galleri208.borgo.is\/2020\/\/wp-content\/uploads\/2020\/05\/Cthulhu3.jpg\"><img loading=\"lazy\" src=\"https:\/\/galleri208.borgo.is\/2020\/\/wp-content\/uploads\/2020\/05\/Cthulhu3-954x1024.jpg\" alt=\"\" class=\"wp-image-309\" width=\"395\" height=\"423\" srcset=\"https:\/\/galleri208.borgo.is\/2020\/wp-content\/uploads\/2020\/05\/Cthulhu3-954x1024.jpg 954w, https:\/\/galleri208.borgo.is\/2020\/wp-content\/uploads\/2020\/05\/Cthulhu3-280x300.jpg 280w, https:\/\/galleri208.borgo.is\/2020\/wp-content\/uploads\/2020\/05\/Cthulhu3-768x824.jpg 768w, https:\/\/galleri208.borgo.is\/2020\/wp-content\/uploads\/2020\/05\/Cthulhu3.jpg 1000w\" sizes=\"(max-width: 395px) 100vw, 395px\" \/><\/a><\/figure><\/div>\n\n\n\n<div class=\"wp-block-image\"><figure class=\"aligncenter size-large is-resized\"><img src=\"https:\/\/galleri208.borgo.is\/2020\/\/wp-content\/uploads\/2020\/05\/c1rgb-1-723x1024.jpg\" alt=\"\" class=\"wp-image-806\" width=\"500\" srcset=\"https:\/\/galleri208.borgo.is\/2020\/wp-content\/uploads\/2020\/05\/c1rgb-1-723x1024.jpg 723w, https:\/\/galleri208.borgo.is\/2020\/wp-content\/uploads\/2020\/05\/c1rgb-1-212x300.jpg 212w, https:\/\/galleri208.borgo.is\/2020\/wp-content\/uploads\/2020\/05\/c1rgb-1-768x1087.jpg 768w, https:\/\/galleri208.borgo.is\/2020\/wp-content\/uploads\/2020\/05\/c1rgb-1.jpg 840w\" sizes=\"(max-width: 723px) 100vw, 723px\" \/><\/figure><\/div>\n\n\n\n<div class=\"wp-block-image\"><figure class=\"aligncenter size-large is-resized\"><img src=\"https:\/\/galleri208.borgo.is\/2020\/\/wp-content\/uploads\/2020\/05\/Cthulhurgb-724x1024.jpg\" alt=\"\" class=\"wp-image-790\" width=\"500\" srcset=\"https:\/\/galleri208.borgo.is\/2020\/wp-content\/uploads\/2020\/05\/Cthulhurgb-724x1024.jpg 724w, https:\/\/galleri208.borgo.is\/2020\/wp-content\/uploads\/2020\/05\/Cthulhurgb-212x300.jpg 212w, https:\/\/galleri208.borgo.is\/2020\/wp-content\/uploads\/2020\/05\/Cthulhurgb-768x1086.jpg 768w, https:\/\/galleri208.borgo.is\/2020\/wp-content\/uploads\/2020\/05\/Cthulhurgb.jpg 1000w\" sizes=\"(max-width: 724px) 100vw, 724px\" \/><\/figure><\/div>\n\n\n\n<div class=\"wp-block-image\"><figure class=\"aligncenter size-large is-resized\"><img src=\"https:\/\/galleri208.borgo.is\/2020\/\/wp-content\/uploads\/2020\/05\/Cthulhu2rgb-724x1024.jpg\" alt=\"\" class=\"wp-image-793\" width=\"500\" srcset=\"https:\/\/galleri208.borgo.is\/2020\/wp-content\/uploads\/2020\/05\/Cthulhu2rgb-724x1024.jpg 724w, https:\/\/galleri208.borgo.is\/2020\/wp-content\/uploads\/2020\/05\/Cthulhu2rgb-212x300.jpg 212w, https:\/\/galleri208.borgo.is\/2020\/wp-content\/uploads\/2020\/05\/Cthulhu2rgb-768x1086.jpg 768w, https:\/\/galleri208.borgo.is\/2020\/wp-content\/uploads\/2020\/05\/Cthulhu2rgb.jpg 1000w\" sizes=\"(max-width: 724px) 100vw, 724px\" \/><\/figure><\/div>\n","protected":false},"excerpt":{"rendered":"<p>S\u00e9rtr\u00faars\u00f6fnu\u00f0ur C\u2019thulhusHerfer\u00f0arveggspj\u00f6ld, 2020.Bakgrunnur verksins: C\u2019thulhu er nokkurs konar geimvera sem kom til jar\u00f0arinnar \u00e1\u00f0ur en a\u00f0 mannkyni\u00f0 var\u00f0 til. C\u2019thulhu kom til jar\u00f0arinnar til \u00feess&#8230;<\/p>\n","protected":false},"author":1,"featured_media":0,"parent":0,"menu_order":0,"comment_status":"closed","ping_status":"closed","template":"","meta":[],"_links":{"self":[{"href":"https:\/\/galleri208.borgo.is\/2020\/wp-json\/wp\/v2\/pages\/125"}],"collection":[{"href":"https:\/\/galleri208.borgo.is\/2020\/wp-json\/wp\/v2\/pages"}],"about":[{"href":"https:\/\/galleri208.borgo.is\/2020\/wp-json\/wp\/v2\/types\/page"}],"author":[{"embeddable":true,"href":"https:\/\/galleri208.borgo.is\/2020\/wp-json\/wp\/v2\/users\/1"}],"replies":[{"embeddable":true,"href":"https:\/\/galleri208.borgo.is\/2020\/wp-json\/wp\/v2\/comments?post=125"}],"version-history":[{"count":19,"href":"https:\/\/galleri208.borgo.is\/2020\/wp-json\/wp\/v2\/pages\/125\/revisions"}],"predecessor-version":[{"id":807,"href":"https:\/\/galleri208.borgo.is\/2020\/wp-json\/wp\/v2\/pages\/125\/revisions\/807"}],"wp:attachment":[{"href":"https:\/\/galleri208.borgo.is\/2020\/wp-json\/wp\/v2\/media?parent=125"}],"curies":[{"name":"wp","href":"https:\/\/api.w.org\/{rel}","templated":true}]}}